{"id":3812,"date":"2022-11-18T19:47:21","date_gmt":"2022-11-18T18:47:21","guid":{"rendered":"https:\/\/camping-les-embruns-oleron.com\/?post_type=product&#038;p=3812"},"modified":"2026-02-10T10:10:44","modified_gmt":"2026-02-10T09:10:44","slug":"waldsanger-chalet","status":"publish","type":"product","link":"https:\/\/camping-les-embruns-oleron.com\/de\/unterkunft\/mietobjekt-fur-5-personen\/waldsanger-chalet\/","title":{"rendered":"Das Fauvette-Chalet"},"content":{"rendered":"<p class=\"lead shortcode-error\">\u00d6ffnen Sie dies im UX Builder, um Inhalte hinzuzuf\u00fcgen und zu bearbeiten.<\/p>\n<div class=\"is-divider divider clearfix\" ><\/div>\n<p><span style=\"font-size: 120%;\"><strong>Vollst\u00e4ndige Beschreibung der Unterkunft<\/strong><\/span><\/p>\n<p data-start=\"486\" data-end=\"875\">Das Chalet Fauvette (Vintage-Modell) ist ideal f\u00fcr Familien, die Komfort und Natur suchen, und vereint Charme, Funktionalit\u00e4t und Entspannung im Herzen des 4-Sterne-Campingplatzes Les Embruns in Ch\u00e2teau d&#039;Ol\u00e9ron.<br data-start=\"674\" data-end=\"677\" \/>Mit einer Fl\u00e4che von ca. 26 m\u00b2 verf\u00fcgt es \u00fcber 2 Schlafzimmer, einen komfortablen Wohnbereich, einen Fernseher und eine \u00fcberdachte Terrasse, die sich perfekt zum Genie\u00dfen der Natur eignet.<\/p>\n<p data-start=\"877\" data-end=\"1177\">Dieses Chalet bietet Platz f\u00fcr bis zu 5 Personen und besticht durch seine warme Atmosph\u00e4re und seinen schlichten, effizienten Komfort.<br data-start=\"1005\" data-end=\"1008\" \/>Das Chalet Fauvette ist der ideale Kompromiss zwischen Campinggeist und gem\u00fctlichem Komfort f\u00fcr einen gelungenen Urlaub auf der Insel Ol\u00e9ron mit Familie oder Freunden.<\/p>\n<p><em>Fotos und Pl\u00e4ne sind nicht bindend.<\/em><\/p>","protected":false},"excerpt":{"rendered":"<p>Das Chalet Fauvette (ein Vintage-Modell) mit ca. 26 m\u00b2 bietet Platz f\u00fcr bis zu 5 Personen und liegt inmitten gr\u00fcner Natur auf dem Campingplatz Les Embruns. Mit seiner \u00fcberdachten Terrasse und dem Fernseher bietet es allen Komfort f\u00fcr einen erholsamen Aufenthalt auf der \u00cele d&#039;Ol\u00e9ron.<\/p>","protected":false},"featured_media":6635,"template":"","meta":{"_acf_changed":false,"inline_featured_image":false,"_glsr_average":0,"_glsr_ranking":0,"_glsr_reviews":0},"product_brand":[],"product_cat":[420],"product_tag":[],"class_list":{"0":"post-3812","1":"product","2":"type-product","3":"status-publish","4":"has-post-thumbnail","6":"product_cat-location-5-personnes","7":"pa_gammes-easyfirst","9":"first","10":"instock","11":"shipping-taxable","12":"product-type-simple"},"acf":[],"yoast_head":"<!-- This site is optimized with the Yoast SEO plugin v27.5 - https:\/\/yoast.com\/product\/yoast-seo-wordpress\/ -->\n<title>Chalet Fauvette terrasse semi-couverte 5 personnes<\/title>\n<meta name=\"description\" content=\"Chalet Fauvette avec terrasse semi-couverte 5 pers. en location pour vos vacances sur l&#039;\u00eele d&#039;Ol\u00e9ron. D\u00e9couvrez nos autres h\u00e9bergements.\" \/>\n<meta name=\"robots\" content=\"index, follow, max-snippet:-1, max-image-preview:large, max-video-preview:-1\" \/>\n<link rel=\"canonical\" href=\"https:\/\/camping-les-embruns-oleron.com\/de\/unterkunft\/mietobjekt-fur-5-personen\/waldsanger-chalet\/\" \/>\n<meta property=\"og:locale\" content=\"de_DE\" \/>\n<meta property=\"og:type\" content=\"article\" \/>\n<meta property=\"og:title\" content=\"Chalet Fauvette terrasse semi-couverte 5 personnes\" \/>\n<meta property=\"og:description\" content=\"Chalet Fauvette avec terrasse semi-couverte 5 pers. en location pour vos vacances sur l&#039;\u00eele d&#039;Ol\u00e9ron. D\u00e9couvrez nos autres h\u00e9bergements.\" \/>\n<meta property=\"og:url\" content=\"https:\/\/camping-les-embruns-oleron.com\/de\/unterkunft\/mietobjekt-fur-5-personen\/waldsanger-chalet\/\" \/>\n<meta property=\"og:site_name\" content=\"Camping ile d&#039;Ol\u00e9ron 4 \u00e9toiles\" \/>\n<meta property=\"article:publisher\" content=\"https:\/\/www.facebook.com\/campinglesembrunsdoleron\" \/>\n<meta property=\"article:modified_time\" content=\"2026-02-10T09:10:44+00:00\" \/>\n<meta property=\"og:image\" content=\"https:\/\/camping-les-embruns-oleron.com\/wp-content\/uploads\/2022\/11\/chalet-fauvette-pour-4-personnes-sur-l-ile-d-oleron.png\" \/>\n\t<meta property=\"og:image:width\" content=\"1200\" \/>\n\t<meta property=\"og:image:height\" content=\"800\" \/>\n\t<meta property=\"og:image:type\" content=\"image\/png\" \/>\n<meta name=\"twitter:card\" content=\"summary_large_image\" \/>\n<meta name=\"twitter:label1\" content=\"Gesch\u00e4tzte Lesezeit\" \/>\n\t<meta name=\"twitter:data1\" content=\"1\u00a0Minute\" \/>\n<script type=\"application\/ld+json\" class=\"yoast-schema-graph\">{\"@context\":\"https:\\\/\\\/schema.org\",\"@graph\":[{\"@type\":\"WebPage\",\"@id\":\"https:\\\/\\\/camping-les-embruns-oleron.com\\\/hebergement\\\/location-5-personnes\\\/chalet-fauvette\\\/\",\"url\":\"https:\\\/\\\/camping-les-embruns-oleron.com\\\/hebergement\\\/location-5-personnes\\\/chalet-fauvette\\\/\",\"name\":\"Chalet Fauvette terrasse semi-couverte 5 personnes\",\"isPartOf\":{\"@id\":\"https:\\\/\\\/camping-les-embruns-oleron.com\\\/#website\"},\"primaryImageOfPage\":{\"@id\":\"https:\\\/\\\/camping-les-embruns-oleron.com\\\/hebergement\\\/location-5-personnes\\\/chalet-fauvette\\\/#primaryimage\"},\"image\":{\"@id\":\"https:\\\/\\\/camping-les-embruns-oleron.com\\\/hebergement\\\/location-5-personnes\\\/chalet-fauvette\\\/#primaryimage\"},\"thumbnailUrl\":\"https:\\\/\\\/camping-les-embruns-oleron.com\\\/wp-content\\\/uploads\\\/2022\\\/11\\\/chalet-fauvette-pour-4-personnes-sur-l-ile-d-oleron.png\",\"datePublished\":\"2022-11-18T18:47:21+00:00\",\"dateModified\":\"2026-02-10T09:10:44+00:00\",\"description\":\"Chalet Fauvette avec terrasse semi-couverte 5 pers. en location pour vos vacances sur l'\u00eele d'Ol\u00e9ron. D\u00e9couvrez nos autres h\u00e9bergements.\",\"breadcrumb\":{\"@id\":\"https:\\\/\\\/camping-les-embruns-oleron.com\\\/hebergement\\\/location-5-personnes\\\/chalet-fauvette\\\/#breadcrumb\"},\"inLanguage\":\"de\",\"potentialAction\":[{\"@type\":\"ReadAction\",\"target\":[\"https:\\\/\\\/camping-les-embruns-oleron.com\\\/hebergement\\\/location-5-personnes\\\/chalet-fauvette\\\/\"]}]},{\"@type\":\"ImageObject\",\"inLanguage\":\"de\",\"@id\":\"https:\\\/\\\/camping-les-embruns-oleron.com\\\/hebergement\\\/location-5-personnes\\\/chalet-fauvette\\\/#primaryimage\",\"url\":\"https:\\\/\\\/camping-les-embruns-oleron.com\\\/wp-content\\\/uploads\\\/2022\\\/11\\\/chalet-fauvette-pour-4-personnes-sur-l-ile-d-oleron.png\",\"contentUrl\":\"https:\\\/\\\/camping-les-embruns-oleron.com\\\/wp-content\\\/uploads\\\/2022\\\/11\\\/chalet-fauvette-pour-4-personnes-sur-l-ile-d-oleron.png\",\"width\":1200,\"height\":800,\"caption\":\"Chalet Fauvette Pour 4 Personnes Sur L Ile D Oleron\"},{\"@type\":\"BreadcrumbList\",\"@id\":\"https:\\\/\\\/camping-les-embruns-oleron.com\\\/hebergement\\\/location-5-personnes\\\/chalet-fauvette\\\/#breadcrumb\",\"itemListElement\":[{\"@type\":\"ListItem\",\"position\":1,\"name\":\"Home\",\"item\":\"https:\\\/\\\/camping-les-embruns-oleron.com\\\/\"},{\"@type\":\"ListItem\",\"position\":2,\"name\":\"H\u00e9bergements\",\"item\":\"https:\\\/\\\/camping-les-embruns-oleron.com\\\/hebergements-ile-d-oleron\\\/\"},{\"@type\":\"ListItem\",\"position\":3,\"name\":\"Le chalet Fauvette\"}]},{\"@type\":\"WebSite\",\"@id\":\"https:\\\/\\\/camping-les-embruns-oleron.com\\\/#website\",\"url\":\"https:\\\/\\\/camping-les-embruns-oleron.com\\\/\",\"name\":\"Camping Airotel les Embruns d\u2019Ol\u00e9ron\",\"description\":\"Camping Ch\u00e2teau d&#039;Ol\u00e9ron - Centre \u00e9questre\",\"publisher\":{\"@id\":\"https:\\\/\\\/camping-les-embruns-oleron.com\\\/#organization\"},\"alternateName\":\"Camping les Embruns d'Ol\u00e9ron\",\"potentialAction\":[{\"@type\":\"SearchAction\",\"target\":{\"@type\":\"EntryPoint\",\"urlTemplate\":\"https:\\\/\\\/camping-les-embruns-oleron.com\\\/?s={search_term_string}\"},\"query-input\":{\"@type\":\"PropertyValueSpecification\",\"valueRequired\":true,\"valueName\":\"search_term_string\"}}],\"inLanguage\":\"de\"},{\"@type\":\"Organization\",\"@id\":\"https:\\\/\\\/camping-les-embruns-oleron.com\\\/#organization\",\"name\":\"Camping Airotel les Embruns d\u2019Ol\u00e9ron\",\"url\":\"https:\\\/\\\/camping-les-embruns-oleron.com\\\/\",\"logo\":{\"@type\":\"ImageObject\",\"inLanguage\":\"de\",\"@id\":\"https:\\\/\\\/camping-les-embruns-oleron.com\\\/#\\\/schema\\\/logo\\\/image\\\/\",\"url\":\"https:\\\/\\\/camping-les-embruns-oleron.com\\\/wp-content\\\/uploads\\\/2022\\\/11\\\/logo-camping-embruns-oleron-couleur.svg\",\"contentUrl\":\"https:\\\/\\\/camping-les-embruns-oleron.com\\\/wp-content\\\/uploads\\\/2022\\\/11\\\/logo-camping-embruns-oleron-couleur.svg\",\"width\":\"1020\",\"height\":\"1020\",\"caption\":\"Camping Airotel les Embruns d\u2019Ol\u00e9ron\"},\"image\":{\"@id\":\"https:\\\/\\\/camping-les-embruns-oleron.com\\\/#\\\/schema\\\/logo\\\/image\\\/\"},\"sameAs\":[\"https:\\\/\\\/www.facebook.com\\\/campinglesembrunsdoleron\",\"https:\\\/\\\/www.instagram.com\\\/lesembrunsdoleron\"]}]}<\/script>\n<!-- \/ Yoast SEO plugin. -->","yoast_head_json":{"title":"Chalet Fauvette mit halb\u00fcberdachter Terrasse, bietet Platz f\u00fcr 5 Personen","description":"Chalet Fauvette mit halb\u00fcberdachter Terrasse, Platz f\u00fcr 5 Personen, zu vermieten f\u00fcr Ihren Urlaub auf der \u00cele d&#039;Ol\u00e9ron. Entdecken Sie unsere weiteren Unterk\u00fcnfte.","robots":{"index":"index","follow":"follow","max-snippet":"max-snippet:-1","max-image-preview":"max-image-preview:large","max-video-preview":"max-video-preview:-1"},"canonical":"https:\/\/camping-les-embruns-oleron.com\/de\/unterkunft\/mietobjekt-fur-5-personen\/waldsanger-chalet\/","og_locale":"de_DE","og_type":"article","og_title":"Chalet Fauvette terrasse semi-couverte 5 personnes","og_description":"Chalet Fauvette avec terrasse semi-couverte 5 pers. en location pour vos vacances sur l'\u00eele d'Ol\u00e9ron. D\u00e9couvrez nos autres h\u00e9bergements.","og_url":"https:\/\/camping-les-embruns-oleron.com\/de\/unterkunft\/mietobjekt-fur-5-personen\/waldsanger-chalet\/","og_site_name":"Camping ile d&#039;Ol\u00e9ron 4 \u00e9toiles","article_publisher":"https:\/\/www.facebook.com\/campinglesembrunsdoleron","article_modified_time":"2026-02-10T09:10:44+00:00","og_image":[{"width":1200,"height":800,"url":"https:\/\/camping-les-embruns-oleron.com\/wp-content\/uploads\/2022\/11\/chalet-fauvette-pour-4-personnes-sur-l-ile-d-oleron.png","type":"image\/png"}],"twitter_card":"summary_large_image","twitter_misc":{"Gesch\u00e4tzte Lesezeit":"1\u00a0Minute"},"schema":{"@context":"https:\/\/schema.org","@graph":[{"@type":"WebPage","@id":"https:\/\/camping-les-embruns-oleron.com\/hebergement\/location-5-personnes\/chalet-fauvette\/","url":"https:\/\/camping-les-embruns-oleron.com\/hebergement\/location-5-personnes\/chalet-fauvette\/","name":"Chalet Fauvette mit halb\u00fcberdachter Terrasse, bietet Platz f\u00fcr 5 Personen","isPartOf":{"@id":"https:\/\/camping-les-embruns-oleron.com\/#website"},"primaryImageOfPage":{"@id":"https:\/\/camping-les-embruns-oleron.com\/hebergement\/location-5-personnes\/chalet-fauvette\/#primaryimage"},"image":{"@id":"https:\/\/camping-les-embruns-oleron.com\/hebergement\/location-5-personnes\/chalet-fauvette\/#primaryimage"},"thumbnailUrl":"https:\/\/camping-les-embruns-oleron.com\/wp-content\/uploads\/2022\/11\/chalet-fauvette-pour-4-personnes-sur-l-ile-d-oleron.png","datePublished":"2022-11-18T18:47:21+00:00","dateModified":"2026-02-10T09:10:44+00:00","description":"Chalet Fauvette mit halb\u00fcberdachter Terrasse, Platz f\u00fcr 5 Personen, zu vermieten f\u00fcr Ihren Urlaub auf der \u00cele d&#039;Ol\u00e9ron. Entdecken Sie unsere weiteren Unterk\u00fcnfte.","breadcrumb":{"@id":"https:\/\/camping-les-embruns-oleron.com\/hebergement\/location-5-personnes\/chalet-fauvette\/#breadcrumb"},"inLanguage":"de","potentialAction":[{"@type":"ReadAction","target":["https:\/\/camping-les-embruns-oleron.com\/hebergement\/location-5-personnes\/chalet-fauvette\/"]}]},{"@type":"ImageObject","inLanguage":"de","@id":"https:\/\/camping-les-embruns-oleron.com\/hebergement\/location-5-personnes\/chalet-fauvette\/#primaryimage","url":"https:\/\/camping-les-embruns-oleron.com\/wp-content\/uploads\/2022\/11\/chalet-fauvette-pour-4-personnes-sur-l-ile-d-oleron.png","contentUrl":"https:\/\/camping-les-embruns-oleron.com\/wp-content\/uploads\/2022\/11\/chalet-fauvette-pour-4-personnes-sur-l-ile-d-oleron.png","width":1200,"height":800,"caption":"Chalet Fauvette Pour 4 Personnes Sur L Ile D Oleron"},{"@type":"BreadcrumbList","@id":"https:\/\/camping-les-embruns-oleron.com\/hebergement\/location-5-personnes\/chalet-fauvette\/#breadcrumb","itemListElement":[{"@type":"ListItem","position":1,"name":"Home","item":"https:\/\/camping-les-embruns-oleron.com\/"},{"@type":"ListItem","position":2,"name":"H\u00e9bergements","item":"https:\/\/camping-les-embruns-oleron.com\/hebergements-ile-d-oleron\/"},{"@type":"ListItem","position":3,"name":"Le chalet Fauvette"}]},{"@type":"WebSite","@id":"https:\/\/camping-les-embruns-oleron.com\/#website","url":"https:\/\/camping-les-embruns-oleron.com\/","name":"Camping Airotel les Embruns d\u2019Ol\u00e9ron","description":"Camping Ch\u00e2teau d&#039;Ol\u00e9ron - Reitzentrum","publisher":{"@id":"https:\/\/camping-les-embruns-oleron.com\/#organization"},"alternateName":"Camping les Embruns d'Ol\u00e9ron","potentialAction":[{"@type":"SearchAction","target":{"@type":"EntryPoint","urlTemplate":"https:\/\/camping-les-embruns-oleron.com\/?s={search_term_string}"},"query-input":{"@type":"PropertyValueSpecification","valueRequired":true,"valueName":"search_term_string"}}],"inLanguage":"de"},{"@type":"Organization","@id":"https:\/\/camping-les-embruns-oleron.com\/#organization","name":"Camping Airotel les Embruns d\u2019Ol\u00e9ron","url":"https:\/\/camping-les-embruns-oleron.com\/","logo":{"@type":"ImageObject","inLanguage":"de","@id":"https:\/\/camping-les-embruns-oleron.com\/#\/schema\/logo\/image\/","url":"https:\/\/camping-les-embruns-oleron.com\/wp-content\/uploads\/2022\/11\/logo-camping-embruns-oleron-couleur.svg","contentUrl":"https:\/\/camping-les-embruns-oleron.com\/wp-content\/uploads\/2022\/11\/logo-camping-embruns-oleron-couleur.svg","width":"1020","height":"1020","caption":"Camping Airotel les Embruns d\u2019Ol\u00e9ron"},"image":{"@id":"https:\/\/camping-les-embruns-oleron.com\/#\/schema\/logo\/image\/"},"sameAs":["https:\/\/www.facebook.com\/campinglesembrunsdoleron","https:\/\/www.instagram.com\/lesembrunsdoleron"]}]}},"_links":{"self":[{"href":"https:\/\/camping-les-embruns-oleron.com\/de\/wp-json\/wp\/v2\/product\/3812","targetHints":{"allow":["GET"]}}],"collection":[{"href":"https:\/\/camping-les-embruns-oleron.com\/de\/wp-json\/wp\/v2\/product"}],"about":[{"href":"https:\/\/camping-les-embruns-oleron.com\/de\/wp-json\/wp\/v2\/types\/product"}],"wp:featuredmedia":[{"embeddable":true,"href":"https:\/\/camping-les-embruns-oleron.com\/de\/wp-json\/wp\/v2\/media\/6635"}],"wp:attachment":[{"href":"https:\/\/camping-les-embruns-oleron.com\/de\/wp-json\/wp\/v2\/media?parent=3812"}],"wp:term":[{"taxonomy":"product_brand","embeddable":true,"href":"https:\/\/camping-les-embruns-oleron.com\/de\/wp-json\/wp\/v2\/product_brand?post=3812"},{"taxonomy":"product_cat","embeddable":true,"href":"https:\/\/camping-les-embruns-oleron.com\/de\/wp-json\/wp\/v2\/product_cat?post=3812"},{"taxonomy":"product_tag","embeddable":true,"href":"https:\/\/camping-les-embruns-oleron.com\/de\/wp-json\/wp\/v2\/product_tag?post=3812"}],"curies":[{"name":"wp","href":"https:\/\/api.w.org\/{rel}","templated":true}]}}