{"id":3824,"date":"2022-11-18T20:09:52","date_gmt":"2022-11-18T19:09:52","guid":{"rendered":"https:\/\/camping-les-embruns-oleron.com\/?post_type=product&#038;p=3824"},"modified":"2026-03-19T08:17:38","modified_gmt":"2026-03-19T07:17:38","slug":"mobilheim-rousserolle","status":"publish","type":"product","link":"https:\/\/camping-les-embruns-oleron.com\/de\/unterkunft\/mobilheime\/mobilheim-rousserolle\/","title":{"rendered":"Rohrs\u00e4nger"},"content":{"rendered":"<p class=\"lead shortcode-error\">\u00d6ffnen Sie dies im UX Builder, um Inhalte hinzuzuf\u00fcgen und zu bearbeiten.<\/p>\n<div class=\"is-divider divider clearfix\" ><\/div>\n<p><span style=\"font-size: 120%;\"><strong>Vollst\u00e4ndige Beschreibung der Unterkunft<\/strong><\/span><\/p>\n<p data-start=\"124\" data-end=\"642\">Das Mobilheim Rousserole ist ideal f\u00fcr einen Aufenthalt zu zweit oder allein und empf\u00e4ngt Sie in einem modernen und komfortablen Ambiente auf der Insel Ol\u00e9ron. Es ist f\u00fcr zwei Personen ausgelegt und verf\u00fcgt \u00fcber ein Schlafzimmer mit einem 140 x 190 cm gro\u00dfen Doppelbett, einen Essbereich mit einer voll ausgestatteten K\u00fcche mit passendem Geschirr und Besteck, einem Tischk\u00fchlschrank, einem Vier-Flammen-Kochfeld, einer Mikrowelle, einer Filterkaffeemaschine und einem Fernseher. Das Badezimmer verf\u00fcgt \u00fcber eine Dusche und die Toilette ist f\u00fcr zus\u00e4tzlichen Komfort separat.<\/p>\n<p data-start=\"644\" data-end=\"825\">Im Au\u00dfenbereich erwartet Sie eine \u00fcberdachte Terrasse mit Tisch, Gartenst\u00fchlen und Liegest\u00fchlen f\u00fcr Ihre Momente der Entspannung. Ein Safe ist ebenfalls vorhanden.<\/p>\n<p data-start=\"827\" data-end=\"1035\">Lassen Sie sich zwischen Str\u00e4nden, W\u00e4ldern und Austernb\u00e4nken von der friedlichen Atmosph\u00e4re der Insel Ol\u00e9ron verf\u00fchren und tanken Sie neue Energie in einer Unterkunft, die Komfort und Modernit\u00e4t im Einklang mit der Natur vereint.<\/p>\n<p data-start=\"1037\" data-end=\"1073\"><em data-start=\"1037\" data-end=\"1071\">Fotos und Pl\u00e4ne sind nicht bindend.<\/em><\/p>","protected":false},"excerpt":{"rendered":"<p data-start=\"150\" data-end=\"466\">Das Mobilheim Rousserole ist ideal f\u00fcr einen Aufenthalt zu zweit oder allein und bietet allen Komfort im Herzen der Ile d&#039;Ol\u00e9ron. Sie finden ein Schlafzimmer mit Doppelbett, eine voll ausgestattete K\u00fcche (K\u00fchlschrank, Herd, Mikrowelle, Kaffeemaschine, TV), ein Badezimmer mit Dusche und eine separate Toilette.<\/p>\n<p data-start=\"468\" data-end=\"721\">Die \u00fcberdachte Terrasse mit Tisch, St\u00fchlen und Liegest\u00fchlen l\u00e4dt zum Entspannen im Freien ein.<\/p>\n<p data-start=\"723\" data-end=\"759\"><em data-start=\"723\" data-end=\"757\">Fotos und Pl\u00e4ne sind nicht bindend.<\/em><\/p>\n<p><!--EndFragment --><\/p>","protected":false},"featured_media":6985,"template":"","meta":{"_acf_changed":false,"inline_featured_image":false,"_glsr_average":0,"_glsr_ranking":0,"_glsr_reviews":0},"product_brand":[],"product_cat":[391,55],"product_tag":[],"class_list":{"0":"post-3824","1":"product","2":"type-product","3":"status-publish","4":"has-post-thumbnail","6":"product_cat-location-2-personnes","7":"product_cat-mobil-homes","9":"first","10":"instock","11":"shipping-taxable","12":"product-type-simple"},"acf":[],"yoast_head":"<!-- This site is optimized with the Yoast SEO plugin v27.5 - https:\/\/yoast.com\/product\/yoast-seo-wordpress\/ -->\n<title>Mobil home avec terrasse 2 personnes en location \u00e0 Ol\u00e9ron<\/title>\n<meta name=\"description\" content=\"Mobil home avec terrasse 2 personnes en location \u00e0 Ol\u00e9ron. D\u00e9couvrez toutes les locations de notre camping pour vos vacances sur l&#039;\u00eele d&#039;Ol\u00e9ron\" \/>\n<meta name=\"robots\" content=\"index, follow, max-snippet:-1, max-image-preview:large, max-video-preview:-1\" \/>\n<link rel=\"canonical\" href=\"https:\/\/camping-les-embruns-oleron.com\/de\/unterkunft\/mobilheime\/mobilheim-rousserolle\/\" \/>\n<meta property=\"og:locale\" content=\"de_DE\" \/>\n<meta property=\"og:type\" content=\"article\" \/>\n<meta property=\"og:title\" content=\"Mobil home avec terrasse 2 personnes en location \u00e0 Ol\u00e9ron\" \/>\n<meta property=\"og:description\" content=\"Mobil home avec terrasse 2 personnes en location \u00e0 Ol\u00e9ron. D\u00e9couvrez toutes les locations de notre camping pour vos vacances sur l&#039;\u00eele d&#039;Ol\u00e9ron\" \/>\n<meta property=\"og:url\" content=\"https:\/\/camping-les-embruns-oleron.com\/de\/unterkunft\/mobilheime\/mobilheim-rousserolle\/\" \/>\n<meta property=\"og:site_name\" content=\"Camping ile d&#039;Ol\u00e9ron 4 \u00e9toiles\" \/>\n<meta property=\"article:publisher\" content=\"https:\/\/www.facebook.com\/campinglesembrunsdoleron\" \/>\n<meta property=\"article:modified_time\" content=\"2026-03-19T07:17:38+00:00\" \/>\n<meta property=\"og:image\" content=\"https:\/\/camping-les-embruns-oleron.com\/wp-content\/uploads\/2022\/11\/mobil-home-rousserole-2-personnes-en-location-sur-lile-dOleron-scaled.jpg\" \/>\n\t<meta property=\"og:image:width\" content=\"2560\" \/>\n\t<meta property=\"og:image:height\" content=\"1703\" \/>\n\t<meta property=\"og:image:type\" content=\"image\/jpeg\" \/>\n<meta name=\"twitter:card\" content=\"summary_large_image\" \/>\n<meta name=\"twitter:label1\" content=\"Gesch\u00e4tzte Lesezeit\" \/>\n\t<meta name=\"twitter:data1\" content=\"1\u00a0Minute\" \/>\n<script type=\"application\/ld+json\" class=\"yoast-schema-graph\">{\"@context\":\"https:\\\/\\\/schema.org\",\"@graph\":[{\"@type\":\"WebPage\",\"@id\":\"https:\\\/\\\/camping-les-embruns-oleron.com\\\/hebergement\\\/mobil-homes\\\/mobil-home-rousserolle\\\/\",\"url\":\"https:\\\/\\\/camping-les-embruns-oleron.com\\\/hebergement\\\/mobil-homes\\\/mobil-home-rousserolle\\\/\",\"name\":\"Mobil home avec terrasse 2 personnes en location \u00e0 Ol\u00e9ron\",\"isPartOf\":{\"@id\":\"https:\\\/\\\/camping-les-embruns-oleron.com\\\/#website\"},\"primaryImageOfPage\":{\"@id\":\"https:\\\/\\\/camping-les-embruns-oleron.com\\\/hebergement\\\/mobil-homes\\\/mobil-home-rousserolle\\\/#primaryimage\"},\"image\":{\"@id\":\"https:\\\/\\\/camping-les-embruns-oleron.com\\\/hebergement\\\/mobil-homes\\\/mobil-home-rousserolle\\\/#primaryimage\"},\"thumbnailUrl\":\"https:\\\/\\\/camping-les-embruns-oleron.com\\\/wp-content\\\/uploads\\\/2022\\\/11\\\/mobil-home-rousserole-2-personnes-en-location-sur-lile-dOleron-scaled.jpg\",\"datePublished\":\"2022-11-18T19:09:52+00:00\",\"dateModified\":\"2026-03-19T07:17:38+00:00\",\"description\":\"Mobil home avec terrasse 2 personnes en location \u00e0 Ol\u00e9ron. D\u00e9couvrez toutes les locations de notre camping pour vos vacances sur l'\u00eele d'Ol\u00e9ron\",\"breadcrumb\":{\"@id\":\"https:\\\/\\\/camping-les-embruns-oleron.com\\\/hebergement\\\/mobil-homes\\\/mobil-home-rousserolle\\\/#breadcrumb\"},\"inLanguage\":\"de\",\"potentialAction\":[{\"@type\":\"ReadAction\",\"target\":[\"https:\\\/\\\/camping-les-embruns-oleron.com\\\/hebergement\\\/mobil-homes\\\/mobil-home-rousserolle\\\/\"]}]},{\"@type\":\"ImageObject\",\"inLanguage\":\"de\",\"@id\":\"https:\\\/\\\/camping-les-embruns-oleron.com\\\/hebergement\\\/mobil-homes\\\/mobil-home-rousserolle\\\/#primaryimage\",\"url\":\"https:\\\/\\\/camping-les-embruns-oleron.com\\\/wp-content\\\/uploads\\\/2022\\\/11\\\/mobil-home-rousserole-2-personnes-en-location-sur-lile-dOleron-scaled.jpg\",\"contentUrl\":\"https:\\\/\\\/camping-les-embruns-oleron.com\\\/wp-content\\\/uploads\\\/2022\\\/11\\\/mobil-home-rousserole-2-personnes-en-location-sur-lile-dOleron-scaled.jpg\",\"width\":2560,\"height\":1703,\"caption\":\"Mobil Home Rousserole 2 Personnes En Location Sur L\u2019ile D\u2019ol\u00e9ron\"},{\"@type\":\"BreadcrumbList\",\"@id\":\"https:\\\/\\\/camping-les-embruns-oleron.com\\\/hebergement\\\/mobil-homes\\\/mobil-home-rousserolle\\\/#breadcrumb\",\"itemListElement\":[{\"@type\":\"ListItem\",\"position\":1,\"name\":\"Home\",\"item\":\"https:\\\/\\\/camping-les-embruns-oleron.com\\\/\"},{\"@type\":\"ListItem\",\"position\":2,\"name\":\"H\u00e9bergements\",\"item\":\"https:\\\/\\\/camping-les-embruns-oleron.com\\\/hebergements-ile-d-oleron\\\/\"},{\"@type\":\"ListItem\",\"position\":3,\"name\":\"Rousserolle\"}]},{\"@type\":\"WebSite\",\"@id\":\"https:\\\/\\\/camping-les-embruns-oleron.com\\\/#website\",\"url\":\"https:\\\/\\\/camping-les-embruns-oleron.com\\\/\",\"name\":\"Camping Airotel les Embruns d\u2019Ol\u00e9ron\",\"description\":\"Camping Ch\u00e2teau d&#039;Ol\u00e9ron - Centre \u00e9questre\",\"publisher\":{\"@id\":\"https:\\\/\\\/camping-les-embruns-oleron.com\\\/#organization\"},\"alternateName\":\"Camping les Embruns d'Ol\u00e9ron\",\"potentialAction\":[{\"@type\":\"SearchAction\",\"target\":{\"@type\":\"EntryPoint\",\"urlTemplate\":\"https:\\\/\\\/camping-les-embruns-oleron.com\\\/?s={search_term_string}\"},\"query-input\":{\"@type\":\"PropertyValueSpecification\",\"valueRequired\":true,\"valueName\":\"search_term_string\"}}],\"inLanguage\":\"de\"},{\"@type\":\"Organization\",\"@id\":\"https:\\\/\\\/camping-les-embruns-oleron.com\\\/#organization\",\"name\":\"Camping Airotel les Embruns d\u2019Ol\u00e9ron\",\"url\":\"https:\\\/\\\/camping-les-embruns-oleron.com\\\/\",\"logo\":{\"@type\":\"ImageObject\",\"inLanguage\":\"de\",\"@id\":\"https:\\\/\\\/camping-les-embruns-oleron.com\\\/#\\\/schema\\\/logo\\\/image\\\/\",\"url\":\"https:\\\/\\\/camping-les-embruns-oleron.com\\\/wp-content\\\/uploads\\\/2022\\\/11\\\/logo-camping-embruns-oleron-couleur.svg\",\"contentUrl\":\"https:\\\/\\\/camping-les-embruns-oleron.com\\\/wp-content\\\/uploads\\\/2022\\\/11\\\/logo-camping-embruns-oleron-couleur.svg\",\"width\":\"1020\",\"height\":\"1020\",\"caption\":\"Camping Airotel les Embruns d\u2019Ol\u00e9ron\"},\"image\":{\"@id\":\"https:\\\/\\\/camping-les-embruns-oleron.com\\\/#\\\/schema\\\/logo\\\/image\\\/\"},\"sameAs\":[\"https:\\\/\\\/www.facebook.com\\\/campinglesembrunsdoleron\",\"https:\\\/\\\/www.instagram.com\\\/lesembrunsdoleron\"]}]}<\/script>\n<!-- \/ Yoast SEO plugin. -->","yoast_head_json":{"title":"Mobilheim mit Terrasse f\u00fcr 2 Personen zu vermieten in Ol\u00e9ron","description":"Mobilheim mit Terrasse f\u00fcr 2 Personen auf Ol\u00e9ron zu vermieten. Entdecken Sie alle Mietangebote auf unserem Campingplatz f\u00fcr Ihren Urlaub auf der Insel Ol\u00e9ron.","robots":{"index":"index","follow":"follow","max-snippet":"max-snippet:-1","max-image-preview":"max-image-preview:large","max-video-preview":"max-video-preview:-1"},"canonical":"https:\/\/camping-les-embruns-oleron.com\/de\/unterkunft\/mobilheime\/mobilheim-rousserolle\/","og_locale":"de_DE","og_type":"article","og_title":"Mobil home avec terrasse 2 personnes en location \u00e0 Ol\u00e9ron","og_description":"Mobil home avec terrasse 2 personnes en location \u00e0 Ol\u00e9ron. D\u00e9couvrez toutes les locations de notre camping pour vos vacances sur l'\u00eele d'Ol\u00e9ron","og_url":"https:\/\/camping-les-embruns-oleron.com\/de\/unterkunft\/mobilheime\/mobilheim-rousserolle\/","og_site_name":"Camping ile d&#039;Ol\u00e9ron 4 \u00e9toiles","article_publisher":"https:\/\/www.facebook.com\/campinglesembrunsdoleron","article_modified_time":"2026-03-19T07:17:38+00:00","og_image":[{"width":2560,"height":1703,"url":"https:\/\/camping-les-embruns-oleron.com\/wp-content\/uploads\/2022\/11\/mobil-home-rousserole-2-personnes-en-location-sur-lile-dOleron-scaled.jpg","type":"image\/jpeg"}],"twitter_card":"summary_large_image","twitter_misc":{"Gesch\u00e4tzte Lesezeit":"1\u00a0Minute"},"schema":{"@context":"https:\/\/schema.org","@graph":[{"@type":"WebPage","@id":"https:\/\/camping-les-embruns-oleron.com\/hebergement\/mobil-homes\/mobil-home-rousserolle\/","url":"https:\/\/camping-les-embruns-oleron.com\/hebergement\/mobil-homes\/mobil-home-rousserolle\/","name":"Mobilheim mit Terrasse f\u00fcr 2 Personen zu vermieten in Ol\u00e9ron","isPartOf":{"@id":"https:\/\/camping-les-embruns-oleron.com\/#website"},"primaryImageOfPage":{"@id":"https:\/\/camping-les-embruns-oleron.com\/hebergement\/mobil-homes\/mobil-home-rousserolle\/#primaryimage"},"image":{"@id":"https:\/\/camping-les-embruns-oleron.com\/hebergement\/mobil-homes\/mobil-home-rousserolle\/#primaryimage"},"thumbnailUrl":"https:\/\/camping-les-embruns-oleron.com\/wp-content\/uploads\/2022\/11\/mobil-home-rousserole-2-personnes-en-location-sur-lile-dOleron-scaled.jpg","datePublished":"2022-11-18T19:09:52+00:00","dateModified":"2026-03-19T07:17:38+00:00","description":"Mobilheim mit Terrasse f\u00fcr 2 Personen auf Ol\u00e9ron zu vermieten. Entdecken Sie alle Mietangebote auf unserem Campingplatz f\u00fcr Ihren Urlaub auf der Insel Ol\u00e9ron.","breadcrumb":{"@id":"https:\/\/camping-les-embruns-oleron.com\/hebergement\/mobil-homes\/mobil-home-rousserolle\/#breadcrumb"},"inLanguage":"de","potentialAction":[{"@type":"ReadAction","target":["https:\/\/camping-les-embruns-oleron.com\/hebergement\/mobil-homes\/mobil-home-rousserolle\/"]}]},{"@type":"ImageObject","inLanguage":"de","@id":"https:\/\/camping-les-embruns-oleron.com\/hebergement\/mobil-homes\/mobil-home-rousserolle\/#primaryimage","url":"https:\/\/camping-les-embruns-oleron.com\/wp-content\/uploads\/2022\/11\/mobil-home-rousserole-2-personnes-en-location-sur-lile-dOleron-scaled.jpg","contentUrl":"https:\/\/camping-les-embruns-oleron.com\/wp-content\/uploads\/2022\/11\/mobil-home-rousserole-2-personnes-en-location-sur-lile-dOleron-scaled.jpg","width":2560,"height":1703,"caption":"Mobil Home Rousserole 2 Personnes En Location Sur L\u2019ile D\u2019ol\u00e9ron"},{"@type":"BreadcrumbList","@id":"https:\/\/camping-les-embruns-oleron.com\/hebergement\/mobil-homes\/mobil-home-rousserolle\/#breadcrumb","itemListElement":[{"@type":"ListItem","position":1,"name":"Home","item":"https:\/\/camping-les-embruns-oleron.com\/"},{"@type":"ListItem","position":2,"name":"H\u00e9bergements","item":"https:\/\/camping-les-embruns-oleron.com\/hebergements-ile-d-oleron\/"},{"@type":"ListItem","position":3,"name":"Rousserolle"}]},{"@type":"WebSite","@id":"https:\/\/camping-les-embruns-oleron.com\/#website","url":"https:\/\/camping-les-embruns-oleron.com\/","name":"Camping Airotel les Embruns d\u2019Ol\u00e9ron","description":"Camping Ch\u00e2teau d&#039;Ol\u00e9ron - Reitzentrum","publisher":{"@id":"https:\/\/camping-les-embruns-oleron.com\/#organization"},"alternateName":"Camping les Embruns d'Ol\u00e9ron","potentialAction":[{"@type":"SearchAction","target":{"@type":"EntryPoint","urlTemplate":"https:\/\/camping-les-embruns-oleron.com\/?s={search_term_string}"},"query-input":{"@type":"PropertyValueSpecification","valueRequired":true,"valueName":"search_term_string"}}],"inLanguage":"de"},{"@type":"Organization","@id":"https:\/\/camping-les-embruns-oleron.com\/#organization","name":"Camping Airotel les Embruns d\u2019Ol\u00e9ron","url":"https:\/\/camping-les-embruns-oleron.com\/","logo":{"@type":"ImageObject","inLanguage":"de","@id":"https:\/\/camping-les-embruns-oleron.com\/#\/schema\/logo\/image\/","url":"https:\/\/camping-les-embruns-oleron.com\/wp-content\/uploads\/2022\/11\/logo-camping-embruns-oleron-couleur.svg","contentUrl":"https:\/\/camping-les-embruns-oleron.com\/wp-content\/uploads\/2022\/11\/logo-camping-embruns-oleron-couleur.svg","width":"1020","height":"1020","caption":"Camping Airotel les Embruns d\u2019Ol\u00e9ron"},"image":{"@id":"https:\/\/camping-les-embruns-oleron.com\/#\/schema\/logo\/image\/"},"sameAs":["https:\/\/www.facebook.com\/campinglesembrunsdoleron","https:\/\/www.instagram.com\/lesembrunsdoleron"]}]}},"_links":{"self":[{"href":"https:\/\/camping-les-embruns-oleron.com\/de\/wp-json\/wp\/v2\/product\/3824","targetHints":{"allow":["GET"]}}],"collection":[{"href":"https:\/\/camping-les-embruns-oleron.com\/de\/wp-json\/wp\/v2\/product"}],"about":[{"href":"https:\/\/camping-les-embruns-oleron.com\/de\/wp-json\/wp\/v2\/types\/product"}],"wp:featuredmedia":[{"embeddable":true,"href":"https:\/\/camping-les-embruns-oleron.com\/de\/wp-json\/wp\/v2\/media\/6985"}],"wp:attachment":[{"href":"https:\/\/camping-les-embruns-oleron.com\/de\/wp-json\/wp\/v2\/media?parent=3824"}],"wp:term":[{"taxonomy":"product_brand","embeddable":true,"href":"https:\/\/camping-les-embruns-oleron.com\/de\/wp-json\/wp\/v2\/product_brand?post=3824"},{"taxonomy":"product_cat","embeddable":true,"href":"https:\/\/camping-les-embruns-oleron.com\/de\/wp-json\/wp\/v2\/product_cat?post=3824"},{"taxonomy":"product_tag","embeddable":true,"href":"https:\/\/camping-les-embruns-oleron.com\/de\/wp-json\/wp\/v2\/product_tag?post=3824"}],"curies":[{"name":"wp","href":"https:\/\/api.w.org\/{rel}","templated":true}]}}