{"id":3878,"date":"2022-11-19T09:20:21","date_gmt":"2022-11-19T08:20:21","guid":{"rendered":"https:\/\/camping-les-embruns-oleron.com\/?post_type=product&#038;p=3878"},"modified":"2026-03-10T14:11:42","modified_gmt":"2026-03-10T13:11:42","slug":"mobilheim-hobereau","status":"publish","type":"product","link":"https:\/\/camping-les-embruns-oleron.com\/de\/unterkunft\/mobilheime\/mobilheim-hobereau\/","title":{"rendered":"Hobereau"},"content":{"rendered":"<p class=\"lead shortcode-error\">\u00d6ffnen Sie dies im UX Builder, um Inhalte hinzuzuf\u00fcgen und zu bearbeiten.<\/p>\n<p data-start=\"481\" data-end=\"830\"><strong><span style=\"font-size: 120%;\">Vollst\u00e4ndige Beschreibung der Unterkunft<\/span><\/strong><\/p>\n<p data-start=\"481\" data-end=\"830\">Genie\u00dfen Sie einen komfortablen Aufenthalt auf der Insel Ol\u00e9ron in diesem Premium-Mobilheim von ca. 30 m\u00b2, das f\u00fcr Familien und Paare konzipiert wurde, die Ruhe suchen.<br data-start=\"646\" data-end=\"649\" \/>Mit 2 Schlafzimmern und 2 Badezimmern bietet es ein H\u00f6chstma\u00df an Komfort, perfekt, um Ihre Privatsph\u00e4re zu wahren und w\u00e4hrend Ihres Urlaubs einen pers\u00f6nlichen Raum zu schaffen.<\/p>\n<p data-start=\"832\" data-end=\"1181\">Eltern werden ihr privates Badezimmer zu sch\u00e4tzen wissen, w\u00e4hrend das helle und einladende Wohnzimmer zu einfachen und angenehmen Momenten einl\u00e4dt.<br data-start=\"989\" data-end=\"992\" \/>Diese Unterkunft liegt im Herzen des 4-Sterne-Campingplatzes Les Embruns in Ch\u00e2teau d&#039;Ol\u00e9ron und vereint Natur, Komfort und Eleganz f\u00fcr einen unvergesslichen Aufenthalt zwischen Meer, Pinienwald und Entspannung.<\/p>\n<p><em><span class=\"cf0\">Fotos und Pl\u00e4ne sind nicht bindend.<\/span><\/em><\/p>","protected":false},"excerpt":{"rendered":"<p>Dieses Premium-Mobilheim mit zwei Schlafzimmern und zwei Badezimmern (ca. 30 m\u00b2) bietet h\u00f6chsten Komfort f\u00fcr einen erholsamen Urlaub auf der \u00cele d&#039;Ol\u00e9ron. Ideal f\u00fcr Familien oder Paare, vereint es Ger\u00e4umigkeit, Privatsph\u00e4re und Eleganz im Herzen des 4-Sterne-Campingplatzes Les Embruns in Ch\u00e2teau d&#039;Ol\u00e9ron.<\/p>\n<p><em><span class=\"cf0\">Fotos und Pl\u00e4ne sind nicht bindend.<\/span><\/em><\/p>\n<p><!--StartFragment --><\/p>\n<p><!--EndFragment --><\/p>","protected":false},"featured_media":6659,"template":"","meta":{"_acf_changed":false,"inline_featured_image":false,"_glsr_average":0,"_glsr_ranking":0,"_glsr_reviews":0},"product_brand":[],"product_cat":[392,55],"product_tag":[],"class_list":{"0":"post-3878","1":"product","2":"type-product","3":"status-publish","4":"has-post-thumbnail","6":"product_cat-location-4-personnes","7":"product_cat-mobil-homes","9":"first","10":"instock","11":"shipping-taxable","12":"product-type-simple"},"acf":[],"yoast_head":"<!-- This site is optimized with the Yoast SEO plugin v27.5 - https:\/\/yoast.com\/product\/yoast-seo-wordpress\/ -->\n<title>Mobil home Hobereau pour 4 personnes en location \u00e0 Ol\u00e9ron<\/title>\n<meta name=\"description\" content=\"Mobil home Premium Hobereau pour 4 personnes en location \u00e0 Ol\u00e9ron. D\u00e9couvrez toutes les locations de notre camping pour vos vacances sur Ol\u00e9ron\" \/>\n<meta name=\"robots\" content=\"index, follow, max-snippet:-1, max-image-preview:large, max-video-preview:-1\" \/>\n<link rel=\"canonical\" href=\"https:\/\/camping-les-embruns-oleron.com\/de\/unterkunft\/mobilheime\/mobilheim-hobereau\/\" \/>\n<meta property=\"og:locale\" content=\"de_DE\" \/>\n<meta property=\"og:type\" content=\"article\" \/>\n<meta property=\"og:title\" content=\"Mobil home Hobereau pour 4 personnes en location \u00e0 Ol\u00e9ron\" \/>\n<meta property=\"og:description\" content=\"Mobil home Premium Hobereau pour 4 personnes en location \u00e0 Ol\u00e9ron. D\u00e9couvrez toutes les locations de notre camping pour vos vacances sur Ol\u00e9ron\" \/>\n<meta property=\"og:url\" content=\"https:\/\/camping-les-embruns-oleron.com\/de\/unterkunft\/mobilheime\/mobilheim-hobereau\/\" \/>\n<meta property=\"og:site_name\" content=\"Camping ile d&#039;Ol\u00e9ron 4 \u00e9toiles\" \/>\n<meta property=\"article:publisher\" content=\"https:\/\/www.facebook.com\/campinglesembrunsdoleron\" \/>\n<meta property=\"article:modified_time\" content=\"2026-03-10T13:11:42+00:00\" \/>\n<meta property=\"og:image\" content=\"https:\/\/camping-les-embruns-oleron.com\/wp-content\/uploads\/2022\/11\/mobil-home-hobereau-pour-4-personnes-aux-embruns.png\" \/>\n\t<meta property=\"og:image:width\" content=\"1200\" \/>\n\t<meta property=\"og:image:height\" content=\"800\" \/>\n\t<meta property=\"og:image:type\" content=\"image\/png\" \/>\n<meta name=\"twitter:card\" content=\"summary_large_image\" \/>\n<meta name=\"twitter:label1\" content=\"Gesch\u00e4tzte Lesezeit\" \/>\n\t<meta name=\"twitter:data1\" content=\"1\u00a0Minute\" \/>\n<script type=\"application\/ld+json\" class=\"yoast-schema-graph\">{\"@context\":\"https:\\\/\\\/schema.org\",\"@graph\":[{\"@type\":\"WebPage\",\"@id\":\"https:\\\/\\\/camping-les-embruns-oleron.com\\\/hebergement\\\/mobil-homes\\\/mobil-home-hobereau\\\/\",\"url\":\"https:\\\/\\\/camping-les-embruns-oleron.com\\\/hebergement\\\/mobil-homes\\\/mobil-home-hobereau\\\/\",\"name\":\"Mobil home Hobereau pour 4 personnes en location \u00e0 Ol\u00e9ron\",\"isPartOf\":{\"@id\":\"https:\\\/\\\/camping-les-embruns-oleron.com\\\/#website\"},\"primaryImageOfPage\":{\"@id\":\"https:\\\/\\\/camping-les-embruns-oleron.com\\\/hebergement\\\/mobil-homes\\\/mobil-home-hobereau\\\/#primaryimage\"},\"image\":{\"@id\":\"https:\\\/\\\/camping-les-embruns-oleron.com\\\/hebergement\\\/mobil-homes\\\/mobil-home-hobereau\\\/#primaryimage\"},\"thumbnailUrl\":\"https:\\\/\\\/camping-les-embruns-oleron.com\\\/wp-content\\\/uploads\\\/2022\\\/11\\\/mobil-home-hobereau-pour-4-personnes-aux-embruns.png\",\"datePublished\":\"2022-11-19T08:20:21+00:00\",\"dateModified\":\"2026-03-10T13:11:42+00:00\",\"description\":\"Mobil home Premium Hobereau pour 4 personnes en location \u00e0 Ol\u00e9ron. D\u00e9couvrez toutes les locations de notre camping pour vos vacances sur Ol\u00e9ron\",\"breadcrumb\":{\"@id\":\"https:\\\/\\\/camping-les-embruns-oleron.com\\\/hebergement\\\/mobil-homes\\\/mobil-home-hobereau\\\/#breadcrumb\"},\"inLanguage\":\"de\",\"potentialAction\":[{\"@type\":\"ReadAction\",\"target\":[\"https:\\\/\\\/camping-les-embruns-oleron.com\\\/hebergement\\\/mobil-homes\\\/mobil-home-hobereau\\\/\"]}]},{\"@type\":\"ImageObject\",\"inLanguage\":\"de\",\"@id\":\"https:\\\/\\\/camping-les-embruns-oleron.com\\\/hebergement\\\/mobil-homes\\\/mobil-home-hobereau\\\/#primaryimage\",\"url\":\"https:\\\/\\\/camping-les-embruns-oleron.com\\\/wp-content\\\/uploads\\\/2022\\\/11\\\/mobil-home-hobereau-pour-4-personnes-aux-embruns.png\",\"contentUrl\":\"https:\\\/\\\/camping-les-embruns-oleron.com\\\/wp-content\\\/uploads\\\/2022\\\/11\\\/mobil-home-hobereau-pour-4-personnes-aux-embruns.png\",\"width\":1200,\"height\":800,\"caption\":\"Mobil Home Hobereau Pour 4 Personnes Aux Embruns\"},{\"@type\":\"BreadcrumbList\",\"@id\":\"https:\\\/\\\/camping-les-embruns-oleron.com\\\/hebergement\\\/mobil-homes\\\/mobil-home-hobereau\\\/#breadcrumb\",\"itemListElement\":[{\"@type\":\"ListItem\",\"position\":1,\"name\":\"Home\",\"item\":\"https:\\\/\\\/camping-les-embruns-oleron.com\\\/\"},{\"@type\":\"ListItem\",\"position\":2,\"name\":\"H\u00e9bergements\",\"item\":\"https:\\\/\\\/camping-les-embruns-oleron.com\\\/hebergements-ile-d-oleron\\\/\"},{\"@type\":\"ListItem\",\"position\":3,\"name\":\"Hobereau\"}]},{\"@type\":\"WebSite\",\"@id\":\"https:\\\/\\\/camping-les-embruns-oleron.com\\\/#website\",\"url\":\"https:\\\/\\\/camping-les-embruns-oleron.com\\\/\",\"name\":\"Camping Airotel les Embruns d\u2019Ol\u00e9ron\",\"description\":\"Camping Ch\u00e2teau d&#039;Ol\u00e9ron - Centre \u00e9questre\",\"publisher\":{\"@id\":\"https:\\\/\\\/camping-les-embruns-oleron.com\\\/#organization\"},\"alternateName\":\"Camping les Embruns d'Ol\u00e9ron\",\"potentialAction\":[{\"@type\":\"SearchAction\",\"target\":{\"@type\":\"EntryPoint\",\"urlTemplate\":\"https:\\\/\\\/camping-les-embruns-oleron.com\\\/?s={search_term_string}\"},\"query-input\":{\"@type\":\"PropertyValueSpecification\",\"valueRequired\":true,\"valueName\":\"search_term_string\"}}],\"inLanguage\":\"de\"},{\"@type\":\"Organization\",\"@id\":\"https:\\\/\\\/camping-les-embruns-oleron.com\\\/#organization\",\"name\":\"Camping Airotel les Embruns d\u2019Ol\u00e9ron\",\"url\":\"https:\\\/\\\/camping-les-embruns-oleron.com\\\/\",\"logo\":{\"@type\":\"ImageObject\",\"inLanguage\":\"de\",\"@id\":\"https:\\\/\\\/camping-les-embruns-oleron.com\\\/#\\\/schema\\\/logo\\\/image\\\/\",\"url\":\"https:\\\/\\\/camping-les-embruns-oleron.com\\\/wp-content\\\/uploads\\\/2022\\\/11\\\/logo-camping-embruns-oleron-couleur.svg\",\"contentUrl\":\"https:\\\/\\\/camping-les-embruns-oleron.com\\\/wp-content\\\/uploads\\\/2022\\\/11\\\/logo-camping-embruns-oleron-couleur.svg\",\"width\":\"1020\",\"height\":\"1020\",\"caption\":\"Camping Airotel les Embruns d\u2019Ol\u00e9ron\"},\"image\":{\"@id\":\"https:\\\/\\\/camping-les-embruns-oleron.com\\\/#\\\/schema\\\/logo\\\/image\\\/\"},\"sameAs\":[\"https:\\\/\\\/www.facebook.com\\\/campinglesembrunsdoleron\",\"https:\\\/\\\/www.instagram.com\\\/lesembrunsdoleron\"]}]}<\/script>\n<!-- \/ Yoast SEO plugin. -->","yoast_head_json":{"title":"Mobilheim Hobereau f\u00fcr 4 Personen zu vermieten in Ol\u00e9ron","description":"Premium-Mobilheim Hobereau f\u00fcr 4 Personen in Ol\u00e9ron zu vermieten. Entdecken Sie alle Mietobjekte auf unserem Campingplatz f\u00fcr Ihren Urlaub in Ol\u00e9ron.","robots":{"index":"index","follow":"follow","max-snippet":"max-snippet:-1","max-image-preview":"max-image-preview:large","max-video-preview":"max-video-preview:-1"},"canonical":"https:\/\/camping-les-embruns-oleron.com\/de\/unterkunft\/mobilheime\/mobilheim-hobereau\/","og_locale":"de_DE","og_type":"article","og_title":"Mobil home Hobereau pour 4 personnes en location \u00e0 Ol\u00e9ron","og_description":"Mobil home Premium Hobereau pour 4 personnes en location \u00e0 Ol\u00e9ron. D\u00e9couvrez toutes les locations de notre camping pour vos vacances sur Ol\u00e9ron","og_url":"https:\/\/camping-les-embruns-oleron.com\/de\/unterkunft\/mobilheime\/mobilheim-hobereau\/","og_site_name":"Camping ile d&#039;Ol\u00e9ron 4 \u00e9toiles","article_publisher":"https:\/\/www.facebook.com\/campinglesembrunsdoleron","article_modified_time":"2026-03-10T13:11:42+00:00","og_image":[{"width":1200,"height":800,"url":"https:\/\/camping-les-embruns-oleron.com\/wp-content\/uploads\/2022\/11\/mobil-home-hobereau-pour-4-personnes-aux-embruns.png","type":"image\/png"}],"twitter_card":"summary_large_image","twitter_misc":{"Gesch\u00e4tzte Lesezeit":"1\u00a0Minute"},"schema":{"@context":"https:\/\/schema.org","@graph":[{"@type":"WebPage","@id":"https:\/\/camping-les-embruns-oleron.com\/hebergement\/mobil-homes\/mobil-home-hobereau\/","url":"https:\/\/camping-les-embruns-oleron.com\/hebergement\/mobil-homes\/mobil-home-hobereau\/","name":"Mobilheim Hobereau f\u00fcr 4 Personen zu vermieten in Ol\u00e9ron","isPartOf":{"@id":"https:\/\/camping-les-embruns-oleron.com\/#website"},"primaryImageOfPage":{"@id":"https:\/\/camping-les-embruns-oleron.com\/hebergement\/mobil-homes\/mobil-home-hobereau\/#primaryimage"},"image":{"@id":"https:\/\/camping-les-embruns-oleron.com\/hebergement\/mobil-homes\/mobil-home-hobereau\/#primaryimage"},"thumbnailUrl":"https:\/\/camping-les-embruns-oleron.com\/wp-content\/uploads\/2022\/11\/mobil-home-hobereau-pour-4-personnes-aux-embruns.png","datePublished":"2022-11-19T08:20:21+00:00","dateModified":"2026-03-10T13:11:42+00:00","description":"Premium-Mobilheim Hobereau f\u00fcr 4 Personen in Ol\u00e9ron zu vermieten. Entdecken Sie alle Mietobjekte auf unserem Campingplatz f\u00fcr Ihren Urlaub in Ol\u00e9ron.","breadcrumb":{"@id":"https:\/\/camping-les-embruns-oleron.com\/hebergement\/mobil-homes\/mobil-home-hobereau\/#breadcrumb"},"inLanguage":"de","potentialAction":[{"@type":"ReadAction","target":["https:\/\/camping-les-embruns-oleron.com\/hebergement\/mobil-homes\/mobil-home-hobereau\/"]}]},{"@type":"ImageObject","inLanguage":"de","@id":"https:\/\/camping-les-embruns-oleron.com\/hebergement\/mobil-homes\/mobil-home-hobereau\/#primaryimage","url":"https:\/\/camping-les-embruns-oleron.com\/wp-content\/uploads\/2022\/11\/mobil-home-hobereau-pour-4-personnes-aux-embruns.png","contentUrl":"https:\/\/camping-les-embruns-oleron.com\/wp-content\/uploads\/2022\/11\/mobil-home-hobereau-pour-4-personnes-aux-embruns.png","width":1200,"height":800,"caption":"Mobil Home Hobereau Pour 4 Personnes Aux Embruns"},{"@type":"BreadcrumbList","@id":"https:\/\/camping-les-embruns-oleron.com\/hebergement\/mobil-homes\/mobil-home-hobereau\/#breadcrumb","itemListElement":[{"@type":"ListItem","position":1,"name":"Home","item":"https:\/\/camping-les-embruns-oleron.com\/"},{"@type":"ListItem","position":2,"name":"H\u00e9bergements","item":"https:\/\/camping-les-embruns-oleron.com\/hebergements-ile-d-oleron\/"},{"@type":"ListItem","position":3,"name":"Hobereau"}]},{"@type":"WebSite","@id":"https:\/\/camping-les-embruns-oleron.com\/#website","url":"https:\/\/camping-les-embruns-oleron.com\/","name":"Camping Airotel les Embruns d\u2019Ol\u00e9ron","description":"Camping Ch\u00e2teau d&#039;Ol\u00e9ron - Reitzentrum","publisher":{"@id":"https:\/\/camping-les-embruns-oleron.com\/#organization"},"alternateName":"Camping les Embruns d'Ol\u00e9ron","potentialAction":[{"@type":"SearchAction","target":{"@type":"EntryPoint","urlTemplate":"https:\/\/camping-les-embruns-oleron.com\/?s={search_term_string}"},"query-input":{"@type":"PropertyValueSpecification","valueRequired":true,"valueName":"search_term_string"}}],"inLanguage":"de"},{"@type":"Organization","@id":"https:\/\/camping-les-embruns-oleron.com\/#organization","name":"Camping Airotel les Embruns d\u2019Ol\u00e9ron","url":"https:\/\/camping-les-embruns-oleron.com\/","logo":{"@type":"ImageObject","inLanguage":"de","@id":"https:\/\/camping-les-embruns-oleron.com\/#\/schema\/logo\/image\/","url":"https:\/\/camping-les-embruns-oleron.com\/wp-content\/uploads\/2022\/11\/logo-camping-embruns-oleron-couleur.svg","contentUrl":"https:\/\/camping-les-embruns-oleron.com\/wp-content\/uploads\/2022\/11\/logo-camping-embruns-oleron-couleur.svg","width":"1020","height":"1020","caption":"Camping Airotel les Embruns d\u2019Ol\u00e9ron"},"image":{"@id":"https:\/\/camping-les-embruns-oleron.com\/#\/schema\/logo\/image\/"},"sameAs":["https:\/\/www.facebook.com\/campinglesembrunsdoleron","https:\/\/www.instagram.com\/lesembrunsdoleron"]}]}},"_links":{"self":[{"href":"https:\/\/camping-les-embruns-oleron.com\/de\/wp-json\/wp\/v2\/product\/3878","targetHints":{"allow":["GET"]}}],"collection":[{"href":"https:\/\/camping-les-embruns-oleron.com\/de\/wp-json\/wp\/v2\/product"}],"about":[{"href":"https:\/\/camping-les-embruns-oleron.com\/de\/wp-json\/wp\/v2\/types\/product"}],"wp:featuredmedia":[{"embeddable":true,"href":"https:\/\/camping-les-embruns-oleron.com\/de\/wp-json\/wp\/v2\/media\/6659"}],"wp:attachment":[{"href":"https:\/\/camping-les-embruns-oleron.com\/de\/wp-json\/wp\/v2\/media?parent=3878"}],"wp:term":[{"taxonomy":"product_brand","embeddable":true,"href":"https:\/\/camping-les-embruns-oleron.com\/de\/wp-json\/wp\/v2\/product_brand?post=3878"},{"taxonomy":"product_cat","embeddable":true,"href":"https:\/\/camping-les-embruns-oleron.com\/de\/wp-json\/wp\/v2\/product_cat?post=3878"},{"taxonomy":"product_tag","embeddable":true,"href":"https:\/\/camping-les-embruns-oleron.com\/de\/wp-json\/wp\/v2\/product_tag?post=3878"}],"curies":[{"name":"wp","href":"https:\/\/api.w.org\/{rel}","templated":true}]}}