{"id":4736,"date":"2022-12-08T21:53:40","date_gmt":"2022-12-08T20:53:40","guid":{"rendered":"https:\/\/camping-les-embruns-oleron.com\/?post_type=product&#038;p=4736"},"modified":"2026-04-23T13:47:55","modified_gmt":"2026-04-23T11:47:55","slug":"das-pinson-lodge-zelt","status":"publish","type":"product","link":"https:\/\/camping-les-embruns-oleron.com\/de\/unterkunft\/hutten\/das-pinson-lodge-zelt\/","title":{"rendered":"Fink"},"content":{"rendered":"<p class=\"lead shortcode-error\">\u00d6ffnen Sie dies im UX Builder, um Inhalte hinzuzuf\u00fcgen und zu bearbeiten.<\/p>\n<p data-start=\"246\" data-end=\"588\"><span style=\"font-size: 120%;\"><strong>Vollst\u00e4ndige Beschreibung der Unterkunft<\/strong><\/span><\/p>\n<p data-start=\"246\" data-end=\"588\">Die Lodge Pinson ist ideal f\u00fcr einen Familienaufenthalt und hei\u00dft Sie in einer ungew\u00f6hnlichen und gem\u00fctlichen Unterkunft im Herzen des Camping des Embruns in Ch\u00e2teau d&#039;Ol\u00e9ron willkommen.<br data-start=\"413\" data-end=\"416\" \/>Dieses Lodge-Zelt OHNE BADEZIMMER bietet 2 Schlafzimmer und einen Wohnbereich, der sich perfekt dazu eignet, die Natur zu genie\u00dfen.<\/p>\n<p data-start=\"590\" data-end=\"925\">Kinder lieben das H\u00fcttengef\u00fchl, w\u00e4hrend Eltern die Holzterrasse mit Gartenm\u00f6beln f\u00fcr gesellige Mahlzeiten zu sch\u00e4tzen wissen.<br data-start=\"777\" data-end=\"780\" \/>Die ausgestattete K\u00fcchenzeile erm\u00f6glicht Ihnen einfaches Kochen und gleichzeitig einen praktischen und wirtschaftlichen Aufenthalt in einer nat\u00fcrlichen und entspannenden Umgebung.<\/p>\n<p><em>Fotos und Pl\u00e4ne sind nicht bindend.<\/em><\/p>","protected":false},"excerpt":{"rendered":"<p>Das Lodge Pinson (Vintage-Modell) ist ein Lodge-Zelt, ideal f\u00fcr einen Familienurlaub. <strong>OHNE SANIT\u00c4RE EINRICHTUNGEN<\/strong> eine Kombination aus Einfachheit und Komfort im Herzen des Camping des Embruns.<br data-start=\"278\" data-end=\"281\" \/>Mit seinen 2 Schlafzimmern, seiner Holzterrasse und seiner ausgestatteten K\u00fcchenzeile bietet es alles, was Sie f\u00fcr einen freundlichen, naturnahen Urlaub zu einem vern\u00fcnftigen Preis ben\u00f6tigen.<\/p>\n<p><em>Fotos und Pl\u00e4ne sind nicht bindend.<\/em><\/p>","protected":false},"featured_media":6614,"template":"","meta":{"_acf_changed":false,"inline_featured_image":false,"_glsr_average":0,"_glsr_ranking":0,"_glsr_reviews":0},"product_brand":[],"product_cat":[392,81],"product_tag":[],"class_list":{"0":"post-4736","1":"product","2":"type-product","3":"status-publish","4":"has-post-thumbnail","6":"product_cat-location-4-personnes","7":"product_cat-lodges","9":"first","10":"instock","11":"shipping-taxable","12":"product-type-simple"},"acf":[],"yoast_head":"<!-- This site is optimized with the Yoast SEO plugin v27.5 - https:\/\/yoast.com\/product\/yoast-seo-wordpress\/ -->\n<title>Lodge 4 personnes en location \u00e0 Ol\u00e9ron<\/title>\n<meta name=\"description\" content=\"Lodge 4 personnes en location \u00e0 Ol\u00e9ron. D\u00e9couvrez toutes les locations de notre camping pour vos vacances sur l&#039;\u00eele d&#039;Ol\u00e9ron\" \/>\n<meta name=\"robots\" content=\"index, follow, max-snippet:-1, max-image-preview:large, max-video-preview:-1\" \/>\n<link rel=\"canonical\" href=\"https:\/\/camping-les-embruns-oleron.com\/de\/unterkunft\/hutten\/das-pinson-lodge-zelt\/\" \/>\n<meta property=\"og:locale\" content=\"de_DE\" \/>\n<meta property=\"og:type\" content=\"article\" \/>\n<meta property=\"og:title\" content=\"Lodge 4 personnes en location \u00e0 Ol\u00e9ron\" \/>\n<meta property=\"og:description\" content=\"Lodge 4 personnes en location \u00e0 Ol\u00e9ron. D\u00e9couvrez toutes les locations de notre camping pour vos vacances sur l&#039;\u00eele d&#039;Ol\u00e9ron\" \/>\n<meta property=\"og:url\" content=\"https:\/\/camping-les-embruns-oleron.com\/de\/unterkunft\/hutten\/das-pinson-lodge-zelt\/\" \/>\n<meta property=\"og:site_name\" content=\"Camping ile d&#039;Ol\u00e9ron 4 \u00e9toiles\" \/>\n<meta property=\"article:publisher\" content=\"https:\/\/www.facebook.com\/campinglesembrunsdoleron\" \/>\n<meta property=\"article:modified_time\" content=\"2026-04-23T11:47:55+00:00\" \/>\n<meta property=\"og:image\" content=\"https:\/\/camping-les-embruns-oleron.com\/wp-content\/uploads\/2022\/12\/tente-lodge-pinson-ile-doleron.png\" \/>\n\t<meta property=\"og:image:width\" content=\"1200\" \/>\n\t<meta property=\"og:image:height\" content=\"800\" \/>\n\t<meta property=\"og:image:type\" content=\"image\/png\" \/>\n<meta name=\"twitter:card\" content=\"summary_large_image\" \/>\n<meta name=\"twitter:label1\" content=\"Gesch\u00e4tzte Lesezeit\" \/>\n\t<meta name=\"twitter:data1\" content=\"1\u00a0Minute\" \/>\n<script type=\"application\/ld+json\" class=\"yoast-schema-graph\">{\"@context\":\"https:\\\/\\\/schema.org\",\"@graph\":[{\"@type\":\"WebPage\",\"@id\":\"https:\\\/\\\/camping-les-embruns-oleron.com\\\/hebergement\\\/lodges\\\/la-tente-lodge-pinson\\\/\",\"url\":\"https:\\\/\\\/camping-les-embruns-oleron.com\\\/hebergement\\\/lodges\\\/la-tente-lodge-pinson\\\/\",\"name\":\"Lodge 4 personnes en location \u00e0 Ol\u00e9ron\",\"isPartOf\":{\"@id\":\"https:\\\/\\\/camping-les-embruns-oleron.com\\\/#website\"},\"primaryImageOfPage\":{\"@id\":\"https:\\\/\\\/camping-les-embruns-oleron.com\\\/hebergement\\\/lodges\\\/la-tente-lodge-pinson\\\/#primaryimage\"},\"image\":{\"@id\":\"https:\\\/\\\/camping-les-embruns-oleron.com\\\/hebergement\\\/lodges\\\/la-tente-lodge-pinson\\\/#primaryimage\"},\"thumbnailUrl\":\"https:\\\/\\\/camping-les-embruns-oleron.com\\\/wp-content\\\/uploads\\\/2022\\\/12\\\/tente-lodge-pinson-ile-doleron.png\",\"datePublished\":\"2022-12-08T20:53:40+00:00\",\"dateModified\":\"2026-04-23T11:47:55+00:00\",\"description\":\"Lodge 4 personnes en location \u00e0 Ol\u00e9ron. D\u00e9couvrez toutes les locations de notre camping pour vos vacances sur l'\u00eele d'Ol\u00e9ron\",\"breadcrumb\":{\"@id\":\"https:\\\/\\\/camping-les-embruns-oleron.com\\\/hebergement\\\/lodges\\\/la-tente-lodge-pinson\\\/#breadcrumb\"},\"inLanguage\":\"de\",\"potentialAction\":[{\"@type\":\"ReadAction\",\"target\":[\"https:\\\/\\\/camping-les-embruns-oleron.com\\\/hebergement\\\/lodges\\\/la-tente-lodge-pinson\\\/\"]}]},{\"@type\":\"ImageObject\",\"inLanguage\":\"de\",\"@id\":\"https:\\\/\\\/camping-les-embruns-oleron.com\\\/hebergement\\\/lodges\\\/la-tente-lodge-pinson\\\/#primaryimage\",\"url\":\"https:\\\/\\\/camping-les-embruns-oleron.com\\\/wp-content\\\/uploads\\\/2022\\\/12\\\/tente-lodge-pinson-ile-doleron.png\",\"contentUrl\":\"https:\\\/\\\/camping-les-embruns-oleron.com\\\/wp-content\\\/uploads\\\/2022\\\/12\\\/tente-lodge-pinson-ile-doleron.png\",\"width\":1200,\"height\":800,\"caption\":\"Tente Lodge Pinson Ile Doleron\"},{\"@type\":\"BreadcrumbList\",\"@id\":\"https:\\\/\\\/camping-les-embruns-oleron.com\\\/hebergement\\\/lodges\\\/la-tente-lodge-pinson\\\/#breadcrumb\",\"itemListElement\":[{\"@type\":\"ListItem\",\"position\":1,\"name\":\"Home\",\"item\":\"https:\\\/\\\/camping-les-embruns-oleron.com\\\/\"},{\"@type\":\"ListItem\",\"position\":2,\"name\":\"H\u00e9bergements\",\"item\":\"https:\\\/\\\/camping-les-embruns-oleron.com\\\/hebergements-ile-d-oleron\\\/\"},{\"@type\":\"ListItem\",\"position\":3,\"name\":\"Pinson\"}]},{\"@type\":\"WebSite\",\"@id\":\"https:\\\/\\\/camping-les-embruns-oleron.com\\\/#website\",\"url\":\"https:\\\/\\\/camping-les-embruns-oleron.com\\\/\",\"name\":\"Camping Airotel les Embruns d\u2019Ol\u00e9ron\",\"description\":\"Camping Ch\u00e2teau d&#039;Ol\u00e9ron - Centre \u00e9questre\",\"publisher\":{\"@id\":\"https:\\\/\\\/camping-les-embruns-oleron.com\\\/#organization\"},\"alternateName\":\"Camping les Embruns d'Ol\u00e9ron\",\"potentialAction\":[{\"@type\":\"SearchAction\",\"target\":{\"@type\":\"EntryPoint\",\"urlTemplate\":\"https:\\\/\\\/camping-les-embruns-oleron.com\\\/?s={search_term_string}\"},\"query-input\":{\"@type\":\"PropertyValueSpecification\",\"valueRequired\":true,\"valueName\":\"search_term_string\"}}],\"inLanguage\":\"de\"},{\"@type\":\"Organization\",\"@id\":\"https:\\\/\\\/camping-les-embruns-oleron.com\\\/#organization\",\"name\":\"Camping Airotel les Embruns d\u2019Ol\u00e9ron\",\"url\":\"https:\\\/\\\/camping-les-embruns-oleron.com\\\/\",\"logo\":{\"@type\":\"ImageObject\",\"inLanguage\":\"de\",\"@id\":\"https:\\\/\\\/camping-les-embruns-oleron.com\\\/#\\\/schema\\\/logo\\\/image\\\/\",\"url\":\"https:\\\/\\\/camping-les-embruns-oleron.com\\\/wp-content\\\/uploads\\\/2022\\\/11\\\/logo-camping-embruns-oleron-couleur.svg\",\"contentUrl\":\"https:\\\/\\\/camping-les-embruns-oleron.com\\\/wp-content\\\/uploads\\\/2022\\\/11\\\/logo-camping-embruns-oleron-couleur.svg\",\"width\":\"1020\",\"height\":\"1020\",\"caption\":\"Camping Airotel les Embruns d\u2019Ol\u00e9ron\"},\"image\":{\"@id\":\"https:\\\/\\\/camping-les-embruns-oleron.com\\\/#\\\/schema\\\/logo\\\/image\\\/\"},\"sameAs\":[\"https:\\\/\\\/www.facebook.com\\\/campinglesembrunsdoleron\",\"https:\\\/\\\/www.instagram.com\\\/lesembrunsdoleron\"]}]}<\/script>\n<!-- \/ Yoast SEO plugin. -->","yoast_head_json":{"title":"Lodge f\u00fcr 4 Personen zu vermieten in Ol\u00e9ron","description":"Lodge f\u00fcr 4 Personen auf Ol\u00e9ron zu vermieten. Entdecken Sie alle Mietangebote auf unserem Campingplatz f\u00fcr Ihren Urlaub auf der Insel Ol\u00e9ron.","robots":{"index":"index","follow":"follow","max-snippet":"max-snippet:-1","max-image-preview":"max-image-preview:large","max-video-preview":"max-video-preview:-1"},"canonical":"https:\/\/camping-les-embruns-oleron.com\/de\/unterkunft\/hutten\/das-pinson-lodge-zelt\/","og_locale":"de_DE","og_type":"article","og_title":"Lodge 4 personnes en location \u00e0 Ol\u00e9ron","og_description":"Lodge 4 personnes en location \u00e0 Ol\u00e9ron. D\u00e9couvrez toutes les locations de notre camping pour vos vacances sur l'\u00eele d'Ol\u00e9ron","og_url":"https:\/\/camping-les-embruns-oleron.com\/de\/unterkunft\/hutten\/das-pinson-lodge-zelt\/","og_site_name":"Camping ile d&#039;Ol\u00e9ron 4 \u00e9toiles","article_publisher":"https:\/\/www.facebook.com\/campinglesembrunsdoleron","article_modified_time":"2026-04-23T11:47:55+00:00","og_image":[{"width":1200,"height":800,"url":"https:\/\/camping-les-embruns-oleron.com\/wp-content\/uploads\/2022\/12\/tente-lodge-pinson-ile-doleron.png","type":"image\/png"}],"twitter_card":"summary_large_image","twitter_misc":{"Gesch\u00e4tzte Lesezeit":"1\u00a0Minute"},"schema":{"@context":"https:\/\/schema.org","@graph":[{"@type":"WebPage","@id":"https:\/\/camping-les-embruns-oleron.com\/hebergement\/lodges\/la-tente-lodge-pinson\/","url":"https:\/\/camping-les-embruns-oleron.com\/hebergement\/lodges\/la-tente-lodge-pinson\/","name":"Lodge f\u00fcr 4 Personen zu vermieten in Ol\u00e9ron","isPartOf":{"@id":"https:\/\/camping-les-embruns-oleron.com\/#website"},"primaryImageOfPage":{"@id":"https:\/\/camping-les-embruns-oleron.com\/hebergement\/lodges\/la-tente-lodge-pinson\/#primaryimage"},"image":{"@id":"https:\/\/camping-les-embruns-oleron.com\/hebergement\/lodges\/la-tente-lodge-pinson\/#primaryimage"},"thumbnailUrl":"https:\/\/camping-les-embruns-oleron.com\/wp-content\/uploads\/2022\/12\/tente-lodge-pinson-ile-doleron.png","datePublished":"2022-12-08T20:53:40+00:00","dateModified":"2026-04-23T11:47:55+00:00","description":"Lodge f\u00fcr 4 Personen auf Ol\u00e9ron zu vermieten. Entdecken Sie alle Mietangebote auf unserem Campingplatz f\u00fcr Ihren Urlaub auf der Insel Ol\u00e9ron.","breadcrumb":{"@id":"https:\/\/camping-les-embruns-oleron.com\/hebergement\/lodges\/la-tente-lodge-pinson\/#breadcrumb"},"inLanguage":"de","potentialAction":[{"@type":"ReadAction","target":["https:\/\/camping-les-embruns-oleron.com\/hebergement\/lodges\/la-tente-lodge-pinson\/"]}]},{"@type":"ImageObject","inLanguage":"de","@id":"https:\/\/camping-les-embruns-oleron.com\/hebergement\/lodges\/la-tente-lodge-pinson\/#primaryimage","url":"https:\/\/camping-les-embruns-oleron.com\/wp-content\/uploads\/2022\/12\/tente-lodge-pinson-ile-doleron.png","contentUrl":"https:\/\/camping-les-embruns-oleron.com\/wp-content\/uploads\/2022\/12\/tente-lodge-pinson-ile-doleron.png","width":1200,"height":800,"caption":"Tente Lodge Pinson Ile Doleron"},{"@type":"BreadcrumbList","@id":"https:\/\/camping-les-embruns-oleron.com\/hebergement\/lodges\/la-tente-lodge-pinson\/#breadcrumb","itemListElement":[{"@type":"ListItem","position":1,"name":"Home","item":"https:\/\/camping-les-embruns-oleron.com\/"},{"@type":"ListItem","position":2,"name":"H\u00e9bergements","item":"https:\/\/camping-les-embruns-oleron.com\/hebergements-ile-d-oleron\/"},{"@type":"ListItem","position":3,"name":"Pinson"}]},{"@type":"WebSite","@id":"https:\/\/camping-les-embruns-oleron.com\/#website","url":"https:\/\/camping-les-embruns-oleron.com\/","name":"Camping Airotel les Embruns d\u2019Ol\u00e9ron","description":"Camping Ch\u00e2teau d&#039;Ol\u00e9ron - Reitzentrum","publisher":{"@id":"https:\/\/camping-les-embruns-oleron.com\/#organization"},"alternateName":"Camping les Embruns d'Ol\u00e9ron","potentialAction":[{"@type":"SearchAction","target":{"@type":"EntryPoint","urlTemplate":"https:\/\/camping-les-embruns-oleron.com\/?s={search_term_string}"},"query-input":{"@type":"PropertyValueSpecification","valueRequired":true,"valueName":"search_term_string"}}],"inLanguage":"de"},{"@type":"Organization","@id":"https:\/\/camping-les-embruns-oleron.com\/#organization","name":"Camping Airotel les Embruns d\u2019Ol\u00e9ron","url":"https:\/\/camping-les-embruns-oleron.com\/","logo":{"@type":"ImageObject","inLanguage":"de","@id":"https:\/\/camping-les-embruns-oleron.com\/#\/schema\/logo\/image\/","url":"https:\/\/camping-les-embruns-oleron.com\/wp-content\/uploads\/2022\/11\/logo-camping-embruns-oleron-couleur.svg","contentUrl":"https:\/\/camping-les-embruns-oleron.com\/wp-content\/uploads\/2022\/11\/logo-camping-embruns-oleron-couleur.svg","width":"1020","height":"1020","caption":"Camping Airotel les Embruns d\u2019Ol\u00e9ron"},"image":{"@id":"https:\/\/camping-les-embruns-oleron.com\/#\/schema\/logo\/image\/"},"sameAs":["https:\/\/www.facebook.com\/campinglesembrunsdoleron","https:\/\/www.instagram.com\/lesembrunsdoleron"]}]}},"_links":{"self":[{"href":"https:\/\/camping-les-embruns-oleron.com\/de\/wp-json\/wp\/v2\/product\/4736","targetHints":{"allow":["GET"]}}],"collection":[{"href":"https:\/\/camping-les-embruns-oleron.com\/de\/wp-json\/wp\/v2\/product"}],"about":[{"href":"https:\/\/camping-les-embruns-oleron.com\/de\/wp-json\/wp\/v2\/types\/product"}],"wp:featuredmedia":[{"embeddable":true,"href":"https:\/\/camping-les-embruns-oleron.com\/de\/wp-json\/wp\/v2\/media\/6614"}],"wp:attachment":[{"href":"https:\/\/camping-les-embruns-oleron.com\/de\/wp-json\/wp\/v2\/media?parent=4736"}],"wp:term":[{"taxonomy":"product_brand","embeddable":true,"href":"https:\/\/camping-les-embruns-oleron.com\/de\/wp-json\/wp\/v2\/product_brand?post=4736"},{"taxonomy":"product_cat","embeddable":true,"href":"https:\/\/camping-les-embruns-oleron.com\/de\/wp-json\/wp\/v2\/product_cat?post=4736"},{"taxonomy":"product_tag","embeddable":true,"href":"https:\/\/camping-les-embruns-oleron.com\/de\/wp-json\/wp\/v2\/product_tag?post=4736"}],"curies":[{"name":"wp","href":"https:\/\/api.w.org\/{rel}","templated":true}]}}