{"id":5781,"date":"2023-11-13T08:52:50","date_gmt":"2023-11-13T07:52:50","guid":{"rendered":"https:\/\/camping-les-embruns-oleron.com\/?post_type=product&#038;p=5781"},"modified":"2026-04-23T11:39:20","modified_gmt":"2026-04-23T09:39:20","slug":"das-stelzenzelt","status":"publish","type":"product","link":"https:\/\/camping-les-embruns-oleron.com\/de\/unterkunft\/hutten\/das-stelzenzelt\/","title":{"rendered":"Stelze"},"content":{"rendered":"<p class=\"lead shortcode-error\">\u00d6ffnen Sie dies im UX Builder, um Inhalte hinzuzuf\u00fcgen und zu bearbeiten.<\/p>\n<p data-start=\"233\" data-end=\"290\"><span style=\"font-size: 120%;\"><strong>Vollst\u00e4ndige Beschreibung der Unterkunft<\/strong><\/span><\/p>\n<p data-start=\"126\" data-end=\"435\">Die auf Stelzen errichtete Lodge \u00c9chasse bietet Platz f\u00fcr zwei Personen und bietet einen einzigartigen Aufenthalt in der Natur. Diese einzigartige Unterkunft verbindet den Charme des Campings mit dem Komfort eines voll ausgestatteten Hauses mit eigenem Bad und funktionaler K\u00fcchenzeile.<\/p>\n<p data-start=\"437\" data-end=\"676\">Die Lodge ist perfekt f\u00fcr Paare geeignet und besticht durch ihren Open-Air-Charakter und ihren Au\u00dfenbereich mit zwei Liegest\u00fchlen, einem Tisch und B\u00e4nken, ideal f\u00fcr gemeinsame Mahlzeiten in aller Einfachheit oder zum Entspannen im Schatten der Kiefern.<\/p>\n<p data-start=\"678\" data-end=\"784\">Eine bequeme und preiswerte M\u00f6glichkeit, die Insel Ol\u00e9ron in einer ruhigen und gr\u00fcnen Umgebung zu genie\u00dfen.<\/p>\n<p data-start=\"786\" data-end=\"822\"><em data-start=\"786\" data-end=\"820\">Fotos und Pl\u00e4ne sind nicht bindend.<\/em><\/p>\n<p><!--EndFragment --><\/p>","protected":false},"excerpt":{"rendered":"<p>Eine ungew\u00f6hnliche Unterkunft auf Stelzen mit eigenem Bad, Kochnische und m\u00f6blierter Terrasse. Ideal f\u00fcr einen komfortablen, nat\u00fcrlichen Aufenthalt zu zweit auf der Insel Ol\u00e9ron.<\/p>\n<p><em><span class=\"cf0\">Fotos und Pl\u00e4ne sind nicht bindend.<\/span><\/em><\/p>\n<p>&nbsp;<\/p>\n<p>&nbsp;<\/p>","protected":false},"featured_media":6789,"template":"","meta":{"_acf_changed":false,"inline_featured_image":false,"_glsr_average":0,"_glsr_ranking":0,"_glsr_reviews":0},"product_brand":[],"product_cat":[391,81],"product_tag":[],"class_list":{"0":"post-5781","1":"product","2":"type-product","3":"status-publish","4":"has-post-thumbnail","6":"product_cat-location-2-personnes","7":"product_cat-lodges","9":"first","10":"instock","11":"shipping-taxable","12":"product-type-simple"},"acf":[],"yoast_head":"<!-- This site is optimized with the Yoast SEO plugin v27.5 - https:\/\/yoast.com\/product\/yoast-seo-wordpress\/ -->\n<title>Tente Lodge pour 2 personnes en location sur l&#039;\u00eele d&#039;Ol\u00e9ron<\/title>\n<meta name=\"description\" content=\"Tente 2 personnes en location \u00e0 Ol\u00e9ron. D\u00e9couvrez toutes les locations de notre camping pour vos vacances sur l&#039;\u00eele d&#039;Ol\u00e9ron\" \/>\n<meta name=\"robots\" content=\"index, follow, max-snippet:-1, max-image-preview:large, max-video-preview:-1\" \/>\n<link rel=\"canonical\" href=\"https:\/\/camping-les-embruns-oleron.com\/de\/unterkunft\/hutten\/das-stelzenzelt\/\" \/>\n<meta property=\"og:locale\" content=\"de_DE\" \/>\n<meta property=\"og:type\" content=\"article\" \/>\n<meta property=\"og:title\" content=\"Tente Lodge pour 2 personnes en location sur l&#039;\u00eele d&#039;Ol\u00e9ron\" \/>\n<meta property=\"og:description\" content=\"Tente 2 personnes en location \u00e0 Ol\u00e9ron. D\u00e9couvrez toutes les locations de notre camping pour vos vacances sur l&#039;\u00eele d&#039;Ol\u00e9ron\" \/>\n<meta property=\"og:url\" content=\"https:\/\/camping-les-embruns-oleron.com\/de\/unterkunft\/hutten\/das-stelzenzelt\/\" \/>\n<meta property=\"og:site_name\" content=\"Camping ile d&#039;Ol\u00e9ron 4 \u00e9toiles\" \/>\n<meta property=\"article:publisher\" content=\"https:\/\/www.facebook.com\/campinglesembrunsdoleron\" \/>\n<meta property=\"article:modified_time\" content=\"2026-04-23T09:39:20+00:00\" \/>\n<meta property=\"og:image\" content=\"https:\/\/camping-les-embruns-oleron.com\/wp-content\/uploads\/2023\/11\/lodge-echasse-les-embruns-d-oleron-scaled.jpg\" \/>\n\t<meta property=\"og:image:width\" content=\"2560\" \/>\n\t<meta property=\"og:image:height\" content=\"1707\" \/>\n\t<meta property=\"og:image:type\" content=\"image\/jpeg\" \/>\n<meta name=\"twitter:card\" content=\"summary_large_image\" \/>\n<meta name=\"twitter:label1\" content=\"Gesch\u00e4tzte Lesezeit\" \/>\n\t<meta name=\"twitter:data1\" content=\"1\u00a0Minute\" \/>\n<script type=\"application\/ld+json\" class=\"yoast-schema-graph\">{\"@context\":\"https:\\\/\\\/schema.org\",\"@graph\":[{\"@type\":\"WebPage\",\"@id\":\"https:\\\/\\\/camping-les-embruns-oleron.com\\\/hebergement\\\/lodges\\\/la-tente-lodge-echasse\\\/\",\"url\":\"https:\\\/\\\/camping-les-embruns-oleron.com\\\/hebergement\\\/lodges\\\/la-tente-lodge-echasse\\\/\",\"name\":\"Tente Lodge pour 2 personnes en location sur l'\u00eele d'Ol\u00e9ron\",\"isPartOf\":{\"@id\":\"https:\\\/\\\/camping-les-embruns-oleron.com\\\/#website\"},\"primaryImageOfPage\":{\"@id\":\"https:\\\/\\\/camping-les-embruns-oleron.com\\\/hebergement\\\/lodges\\\/la-tente-lodge-echasse\\\/#primaryimage\"},\"image\":{\"@id\":\"https:\\\/\\\/camping-les-embruns-oleron.com\\\/hebergement\\\/lodges\\\/la-tente-lodge-echasse\\\/#primaryimage\"},\"thumbnailUrl\":\"https:\\\/\\\/camping-les-embruns-oleron.com\\\/wp-content\\\/uploads\\\/2023\\\/11\\\/lodge-echasse-les-embruns-d-oleron-scaled.jpg\",\"datePublished\":\"2023-11-13T07:52:50+00:00\",\"dateModified\":\"2026-04-23T09:39:20+00:00\",\"description\":\"Tente 2 personnes en location \u00e0 Ol\u00e9ron. D\u00e9couvrez toutes les locations de notre camping pour vos vacances sur l'\u00eele d'Ol\u00e9ron\",\"breadcrumb\":{\"@id\":\"https:\\\/\\\/camping-les-embruns-oleron.com\\\/hebergement\\\/lodges\\\/la-tente-lodge-echasse\\\/#breadcrumb\"},\"inLanguage\":\"de\",\"potentialAction\":[{\"@type\":\"ReadAction\",\"target\":[\"https:\\\/\\\/camping-les-embruns-oleron.com\\\/hebergement\\\/lodges\\\/la-tente-lodge-echasse\\\/\"]}]},{\"@type\":\"ImageObject\",\"inLanguage\":\"de\",\"@id\":\"https:\\\/\\\/camping-les-embruns-oleron.com\\\/hebergement\\\/lodges\\\/la-tente-lodge-echasse\\\/#primaryimage\",\"url\":\"https:\\\/\\\/camping-les-embruns-oleron.com\\\/wp-content\\\/uploads\\\/2023\\\/11\\\/lodge-echasse-les-embruns-d-oleron-scaled.jpg\",\"contentUrl\":\"https:\\\/\\\/camping-les-embruns-oleron.com\\\/wp-content\\\/uploads\\\/2023\\\/11\\\/lodge-echasse-les-embruns-d-oleron-scaled.jpg\",\"width\":2560,\"height\":1707,\"caption\":\"Lodge Echasse Les Embruns D Oleron\"},{\"@type\":\"BreadcrumbList\",\"@id\":\"https:\\\/\\\/camping-les-embruns-oleron.com\\\/hebergement\\\/lodges\\\/la-tente-lodge-echasse\\\/#breadcrumb\",\"itemListElement\":[{\"@type\":\"ListItem\",\"position\":1,\"name\":\"Home\",\"item\":\"https:\\\/\\\/camping-les-embruns-oleron.com\\\/\"},{\"@type\":\"ListItem\",\"position\":2,\"name\":\"H\u00e9bergements\",\"item\":\"https:\\\/\\\/camping-les-embruns-oleron.com\\\/hebergements-ile-d-oleron\\\/\"},{\"@type\":\"ListItem\",\"position\":3,\"name\":\"Echasse\"}]},{\"@type\":\"WebSite\",\"@id\":\"https:\\\/\\\/camping-les-embruns-oleron.com\\\/#website\",\"url\":\"https:\\\/\\\/camping-les-embruns-oleron.com\\\/\",\"name\":\"Camping Airotel les Embruns d\u2019Ol\u00e9ron\",\"description\":\"Camping Ch\u00e2teau d&#039;Ol\u00e9ron - Centre \u00e9questre\",\"publisher\":{\"@id\":\"https:\\\/\\\/camping-les-embruns-oleron.com\\\/#organization\"},\"alternateName\":\"Camping les Embruns d'Ol\u00e9ron\",\"potentialAction\":[{\"@type\":\"SearchAction\",\"target\":{\"@type\":\"EntryPoint\",\"urlTemplate\":\"https:\\\/\\\/camping-les-embruns-oleron.com\\\/?s={search_term_string}\"},\"query-input\":{\"@type\":\"PropertyValueSpecification\",\"valueRequired\":true,\"valueName\":\"search_term_string\"}}],\"inLanguage\":\"de\"},{\"@type\":\"Organization\",\"@id\":\"https:\\\/\\\/camping-les-embruns-oleron.com\\\/#organization\",\"name\":\"Camping Airotel les Embruns d\u2019Ol\u00e9ron\",\"url\":\"https:\\\/\\\/camping-les-embruns-oleron.com\\\/\",\"logo\":{\"@type\":\"ImageObject\",\"inLanguage\":\"de\",\"@id\":\"https:\\\/\\\/camping-les-embruns-oleron.com\\\/#\\\/schema\\\/logo\\\/image\\\/\",\"url\":\"https:\\\/\\\/camping-les-embruns-oleron.com\\\/wp-content\\\/uploads\\\/2022\\\/11\\\/logo-camping-embruns-oleron-couleur.svg\",\"contentUrl\":\"https:\\\/\\\/camping-les-embruns-oleron.com\\\/wp-content\\\/uploads\\\/2022\\\/11\\\/logo-camping-embruns-oleron-couleur.svg\",\"width\":\"1020\",\"height\":\"1020\",\"caption\":\"Camping Airotel les Embruns d\u2019Ol\u00e9ron\"},\"image\":{\"@id\":\"https:\\\/\\\/camping-les-embruns-oleron.com\\\/#\\\/schema\\\/logo\\\/image\\\/\"},\"sameAs\":[\"https:\\\/\\\/www.facebook.com\\\/campinglesembrunsdoleron\",\"https:\\\/\\\/www.instagram.com\\\/lesembrunsdoleron\"]}]}<\/script>\n<!-- \/ Yoast SEO plugin. -->","yoast_head_json":{"title":"Lodgezelt f\u00fcr 2 Personen zu vermieten auf der Insel Ol\u00e9ron","description":"2-Personen-Zelt auf Ol\u00e9ron zu vermieten. Entdecken Sie alle Mietangebote auf unserem Campingplatz f\u00fcr Ihren Urlaub auf der Insel Ol\u00e9ron.","robots":{"index":"index","follow":"follow","max-snippet":"max-snippet:-1","max-image-preview":"max-image-preview:large","max-video-preview":"max-video-preview:-1"},"canonical":"https:\/\/camping-les-embruns-oleron.com\/de\/unterkunft\/hutten\/das-stelzenzelt\/","og_locale":"de_DE","og_type":"article","og_title":"Tente Lodge pour 2 personnes en location sur l'\u00eele d'Ol\u00e9ron","og_description":"Tente 2 personnes en location \u00e0 Ol\u00e9ron. D\u00e9couvrez toutes les locations de notre camping pour vos vacances sur l'\u00eele d'Ol\u00e9ron","og_url":"https:\/\/camping-les-embruns-oleron.com\/de\/unterkunft\/hutten\/das-stelzenzelt\/","og_site_name":"Camping ile d&#039;Ol\u00e9ron 4 \u00e9toiles","article_publisher":"https:\/\/www.facebook.com\/campinglesembrunsdoleron","article_modified_time":"2026-04-23T09:39:20+00:00","og_image":[{"width":2560,"height":1707,"url":"https:\/\/camping-les-embruns-oleron.com\/wp-content\/uploads\/2023\/11\/lodge-echasse-les-embruns-d-oleron-scaled.jpg","type":"image\/jpeg"}],"twitter_card":"summary_large_image","twitter_misc":{"Gesch\u00e4tzte Lesezeit":"1\u00a0Minute"},"schema":{"@context":"https:\/\/schema.org","@graph":[{"@type":"WebPage","@id":"https:\/\/camping-les-embruns-oleron.com\/hebergement\/lodges\/la-tente-lodge-echasse\/","url":"https:\/\/camping-les-embruns-oleron.com\/hebergement\/lodges\/la-tente-lodge-echasse\/","name":"Lodgezelt f\u00fcr 2 Personen zu vermieten auf der Insel Ol\u00e9ron","isPartOf":{"@id":"https:\/\/camping-les-embruns-oleron.com\/#website"},"primaryImageOfPage":{"@id":"https:\/\/camping-les-embruns-oleron.com\/hebergement\/lodges\/la-tente-lodge-echasse\/#primaryimage"},"image":{"@id":"https:\/\/camping-les-embruns-oleron.com\/hebergement\/lodges\/la-tente-lodge-echasse\/#primaryimage"},"thumbnailUrl":"https:\/\/camping-les-embruns-oleron.com\/wp-content\/uploads\/2023\/11\/lodge-echasse-les-embruns-d-oleron-scaled.jpg","datePublished":"2023-11-13T07:52:50+00:00","dateModified":"2026-04-23T09:39:20+00:00","description":"2-Personen-Zelt auf Ol\u00e9ron zu vermieten. Entdecken Sie alle Mietangebote auf unserem Campingplatz f\u00fcr Ihren Urlaub auf der Insel Ol\u00e9ron.","breadcrumb":{"@id":"https:\/\/camping-les-embruns-oleron.com\/hebergement\/lodges\/la-tente-lodge-echasse\/#breadcrumb"},"inLanguage":"de","potentialAction":[{"@type":"ReadAction","target":["https:\/\/camping-les-embruns-oleron.com\/hebergement\/lodges\/la-tente-lodge-echasse\/"]}]},{"@type":"ImageObject","inLanguage":"de","@id":"https:\/\/camping-les-embruns-oleron.com\/hebergement\/lodges\/la-tente-lodge-echasse\/#primaryimage","url":"https:\/\/camping-les-embruns-oleron.com\/wp-content\/uploads\/2023\/11\/lodge-echasse-les-embruns-d-oleron-scaled.jpg","contentUrl":"https:\/\/camping-les-embruns-oleron.com\/wp-content\/uploads\/2023\/11\/lodge-echasse-les-embruns-d-oleron-scaled.jpg","width":2560,"height":1707,"caption":"Lodge Echasse Les Embruns D Oleron"},{"@type":"BreadcrumbList","@id":"https:\/\/camping-les-embruns-oleron.com\/hebergement\/lodges\/la-tente-lodge-echasse\/#breadcrumb","itemListElement":[{"@type":"ListItem","position":1,"name":"Home","item":"https:\/\/camping-les-embruns-oleron.com\/"},{"@type":"ListItem","position":2,"name":"H\u00e9bergements","item":"https:\/\/camping-les-embruns-oleron.com\/hebergements-ile-d-oleron\/"},{"@type":"ListItem","position":3,"name":"Echasse"}]},{"@type":"WebSite","@id":"https:\/\/camping-les-embruns-oleron.com\/#website","url":"https:\/\/camping-les-embruns-oleron.com\/","name":"Camping Airotel les Embruns d\u2019Ol\u00e9ron","description":"Camping Ch\u00e2teau d&#039;Ol\u00e9ron - Reitzentrum","publisher":{"@id":"https:\/\/camping-les-embruns-oleron.com\/#organization"},"alternateName":"Camping les Embruns d'Ol\u00e9ron","potentialAction":[{"@type":"SearchAction","target":{"@type":"EntryPoint","urlTemplate":"https:\/\/camping-les-embruns-oleron.com\/?s={search_term_string}"},"query-input":{"@type":"PropertyValueSpecification","valueRequired":true,"valueName":"search_term_string"}}],"inLanguage":"de"},{"@type":"Organization","@id":"https:\/\/camping-les-embruns-oleron.com\/#organization","name":"Camping Airotel les Embruns d\u2019Ol\u00e9ron","url":"https:\/\/camping-les-embruns-oleron.com\/","logo":{"@type":"ImageObject","inLanguage":"de","@id":"https:\/\/camping-les-embruns-oleron.com\/#\/schema\/logo\/image\/","url":"https:\/\/camping-les-embruns-oleron.com\/wp-content\/uploads\/2022\/11\/logo-camping-embruns-oleron-couleur.svg","contentUrl":"https:\/\/camping-les-embruns-oleron.com\/wp-content\/uploads\/2022\/11\/logo-camping-embruns-oleron-couleur.svg","width":"1020","height":"1020","caption":"Camping Airotel les Embruns d\u2019Ol\u00e9ron"},"image":{"@id":"https:\/\/camping-les-embruns-oleron.com\/#\/schema\/logo\/image\/"},"sameAs":["https:\/\/www.facebook.com\/campinglesembrunsdoleron","https:\/\/www.instagram.com\/lesembrunsdoleron"]}]}},"_links":{"self":[{"href":"https:\/\/camping-les-embruns-oleron.com\/de\/wp-json\/wp\/v2\/product\/5781","targetHints":{"allow":["GET"]}}],"collection":[{"href":"https:\/\/camping-les-embruns-oleron.com\/de\/wp-json\/wp\/v2\/product"}],"about":[{"href":"https:\/\/camping-les-embruns-oleron.com\/de\/wp-json\/wp\/v2\/types\/product"}],"wp:featuredmedia":[{"embeddable":true,"href":"https:\/\/camping-les-embruns-oleron.com\/de\/wp-json\/wp\/v2\/media\/6789"}],"wp:attachment":[{"href":"https:\/\/camping-les-embruns-oleron.com\/de\/wp-json\/wp\/v2\/media?parent=5781"}],"wp:term":[{"taxonomy":"product_brand","embeddable":true,"href":"https:\/\/camping-les-embruns-oleron.com\/de\/wp-json\/wp\/v2\/product_brand?post=5781"},{"taxonomy":"product_cat","embeddable":true,"href":"https:\/\/camping-les-embruns-oleron.com\/de\/wp-json\/wp\/v2\/product_cat?post=5781"},{"taxonomy":"product_tag","embeddable":true,"href":"https:\/\/camping-les-embruns-oleron.com\/de\/wp-json\/wp\/v2\/product_tag?post=5781"}],"curies":[{"name":"wp","href":"https:\/\/api.w.org\/{rel}","templated":true}]}}