{"id":3824,"date":"2022-11-18T20:09:52","date_gmt":"2022-11-18T19:09:52","guid":{"rendered":"https:\/\/camping-les-embruns-oleron.com\/?post_type=product&#038;p=3824"},"modified":"2026-03-19T08:17:38","modified_gmt":"2026-03-19T07:17:38","slug":"rousserolle-mobile-home","status":"publish","type":"product","link":"https:\/\/camping-les-embruns-oleron.com\/en\/accommodation\/mobile-homes\/rousserolle-mobile-home\/","title":{"rendered":"Reed warbler"},"content":{"rendered":"<p class=\"lead shortcode-error\">Open this in UX Builder to add and edit content<\/p>\n<div class=\"is-divider divider clearfix\" ><\/div>\n<p><span style=\"font-size: 120%;\"><strong>Full description of the accommodation<\/strong><\/span><\/p>\n<p data-start=\"124\" data-end=\"642\">Ideal for a stay as a couple or solo, the Rousserole mobile home welcomes you to a modern and comfortable setting on the island of Ol\u00e9ron. Designed for two people, it has a bedroom with a 140x190 cm double bed, a dining area with a fully equipped kitchen including suitable crockery and cutlery, a tabletop refrigerator, a four-burner hob, a microwave, a filter coffee maker, and a television. The bathroom has a shower and the toilet is separate for added comfort.<\/p>\n<p data-start=\"644\" data-end=\"825\">Outside, you&#039;ll enjoy a covered terrace with a table, garden chairs, and deckchairs for your moments of relaxation. A safe is also available.<\/p>\n<p data-start=\"827\" data-end=\"1035\">Between beaches, forests and oyster beds, let yourself be seduced by the peaceful atmosphere of the island of Ol\u00e9ron and recharge your batteries in accommodation combining comfort and modernity, in harmony with nature.<\/p>\n<p data-start=\"1037\" data-end=\"1073\"><em data-start=\"1037\" data-end=\"1071\">Photos and plans are not contractual.<\/em><\/p>","protected":false},"excerpt":{"rendered":"<p data-start=\"150\" data-end=\"466\">Perfect for a stay for two or solo, the Rousserole mobile home offers all the comforts you need in the heart of the Ile d&#039;Ol\u00e9ron. You&#039;ll find a bedroom with a double bed, a fully equipped kitchen (refrigerator, hob, microwave, coffee maker, TV), a bathroom with a shower, and a separate toilet.<\/p>\n<p data-start=\"468\" data-end=\"721\">Its covered terrace with table, chairs and deckchairs invites you to relax in the open air.<\/p>\n<p data-start=\"723\" data-end=\"759\"><em data-start=\"723\" data-end=\"757\">Photos and plans are not contractual.<\/em><\/p>\n<p><!--EndFragment --><\/p>","protected":false},"featured_media":6985,"template":"","meta":{"_acf_changed":false,"inline_featured_image":false,"_glsr_average":0,"_glsr_ranking":0,"_glsr_reviews":0},"product_brand":[],"product_cat":[391,55],"product_tag":[],"class_list":{"0":"post-3824","1":"product","2":"type-product","3":"status-publish","4":"has-post-thumbnail","6":"product_cat-location-2-personnes","7":"product_cat-mobil-homes","9":"first","10":"instock","11":"shipping-taxable","12":"product-type-simple"},"acf":[],"yoast_head":"<!-- This site is optimized with the Yoast SEO plugin v27.5 - https:\/\/yoast.com\/product\/yoast-seo-wordpress\/ -->\n<title>Mobil home avec terrasse 2 personnes en location \u00e0 Ol\u00e9ron<\/title>\n<meta name=\"description\" content=\"Mobil home avec terrasse 2 personnes en location \u00e0 Ol\u00e9ron. D\u00e9couvrez toutes les locations de notre camping pour vos vacances sur l&#039;\u00eele d&#039;Ol\u00e9ron\" \/>\n<meta name=\"robots\" content=\"index, follow, max-snippet:-1, max-image-preview:large, max-video-preview:-1\" \/>\n<link rel=\"canonical\" href=\"https:\/\/camping-les-embruns-oleron.com\/en\/accommodation\/mobile-homes\/rousserolle-mobile-home\/\" \/>\n<meta property=\"og:locale\" content=\"en_GB\" \/>\n<meta property=\"og:type\" content=\"article\" \/>\n<meta property=\"og:title\" content=\"Mobil home avec terrasse 2 personnes en location \u00e0 Ol\u00e9ron\" \/>\n<meta property=\"og:description\" content=\"Mobil home avec terrasse 2 personnes en location \u00e0 Ol\u00e9ron. D\u00e9couvrez toutes les locations de notre camping pour vos vacances sur l&#039;\u00eele d&#039;Ol\u00e9ron\" \/>\n<meta property=\"og:url\" content=\"https:\/\/camping-les-embruns-oleron.com\/en\/accommodation\/mobile-homes\/rousserolle-mobile-home\/\" \/>\n<meta property=\"og:site_name\" content=\"Camping ile d&#039;Ol\u00e9ron 4 \u00e9toiles\" \/>\n<meta property=\"article:publisher\" content=\"https:\/\/www.facebook.com\/campinglesembrunsdoleron\" \/>\n<meta property=\"article:modified_time\" content=\"2026-03-19T07:17:38+00:00\" \/>\n<meta property=\"og:image\" content=\"https:\/\/camping-les-embruns-oleron.com\/wp-content\/uploads\/2022\/11\/mobil-home-rousserole-2-personnes-en-location-sur-lile-dOleron-scaled.jpg\" \/>\n\t<meta property=\"og:image:width\" content=\"2560\" \/>\n\t<meta property=\"og:image:height\" content=\"1703\" \/>\n\t<meta property=\"og:image:type\" content=\"image\/jpeg\" \/>\n<meta name=\"twitter:card\" content=\"summary_large_image\" \/>\n<meta name=\"twitter:label1\" content=\"Estimated reading time\" \/>\n\t<meta name=\"twitter:data1\" content=\"1 minute\" \/>\n<script type=\"application\/ld+json\" class=\"yoast-schema-graph\">{\"@context\":\"https:\\\/\\\/schema.org\",\"@graph\":[{\"@type\":\"WebPage\",\"@id\":\"https:\\\/\\\/camping-les-embruns-oleron.com\\\/hebergement\\\/mobil-homes\\\/mobil-home-rousserolle\\\/\",\"url\":\"https:\\\/\\\/camping-les-embruns-oleron.com\\\/hebergement\\\/mobil-homes\\\/mobil-home-rousserolle\\\/\",\"name\":\"Mobil home avec terrasse 2 personnes en location \u00e0 Ol\u00e9ron\",\"isPartOf\":{\"@id\":\"https:\\\/\\\/camping-les-embruns-oleron.com\\\/#website\"},\"primaryImageOfPage\":{\"@id\":\"https:\\\/\\\/camping-les-embruns-oleron.com\\\/hebergement\\\/mobil-homes\\\/mobil-home-rousserolle\\\/#primaryimage\"},\"image\":{\"@id\":\"https:\\\/\\\/camping-les-embruns-oleron.com\\\/hebergement\\\/mobil-homes\\\/mobil-home-rousserolle\\\/#primaryimage\"},\"thumbnailUrl\":\"https:\\\/\\\/camping-les-embruns-oleron.com\\\/wp-content\\\/uploads\\\/2022\\\/11\\\/mobil-home-rousserole-2-personnes-en-location-sur-lile-dOleron-scaled.jpg\",\"datePublished\":\"2022-11-18T19:09:52+00:00\",\"dateModified\":\"2026-03-19T07:17:38+00:00\",\"description\":\"Mobil home avec terrasse 2 personnes en location \u00e0 Ol\u00e9ron. D\u00e9couvrez toutes les locations de notre camping pour vos vacances sur l'\u00eele d'Ol\u00e9ron\",\"breadcrumb\":{\"@id\":\"https:\\\/\\\/camping-les-embruns-oleron.com\\\/hebergement\\\/mobil-homes\\\/mobil-home-rousserolle\\\/#breadcrumb\"},\"inLanguage\":\"en-GB\",\"potentialAction\":[{\"@type\":\"ReadAction\",\"target\":[\"https:\\\/\\\/camping-les-embruns-oleron.com\\\/hebergement\\\/mobil-homes\\\/mobil-home-rousserolle\\\/\"]}]},{\"@type\":\"ImageObject\",\"inLanguage\":\"en-GB\",\"@id\":\"https:\\\/\\\/camping-les-embruns-oleron.com\\\/hebergement\\\/mobil-homes\\\/mobil-home-rousserolle\\\/#primaryimage\",\"url\":\"https:\\\/\\\/camping-les-embruns-oleron.com\\\/wp-content\\\/uploads\\\/2022\\\/11\\\/mobil-home-rousserole-2-personnes-en-location-sur-lile-dOleron-scaled.jpg\",\"contentUrl\":\"https:\\\/\\\/camping-les-embruns-oleron.com\\\/wp-content\\\/uploads\\\/2022\\\/11\\\/mobil-home-rousserole-2-personnes-en-location-sur-lile-dOleron-scaled.jpg\",\"width\":2560,\"height\":1703,\"caption\":\"Mobil Home Rousserole 2 Personnes En Location Sur L\u2019ile D\u2019ol\u00e9ron\"},{\"@type\":\"BreadcrumbList\",\"@id\":\"https:\\\/\\\/camping-les-embruns-oleron.com\\\/hebergement\\\/mobil-homes\\\/mobil-home-rousserolle\\\/#breadcrumb\",\"itemListElement\":[{\"@type\":\"ListItem\",\"position\":1,\"name\":\"Home\",\"item\":\"https:\\\/\\\/camping-les-embruns-oleron.com\\\/\"},{\"@type\":\"ListItem\",\"position\":2,\"name\":\"H\u00e9bergements\",\"item\":\"https:\\\/\\\/camping-les-embruns-oleron.com\\\/hebergements-ile-d-oleron\\\/\"},{\"@type\":\"ListItem\",\"position\":3,\"name\":\"Rousserolle\"}]},{\"@type\":\"WebSite\",\"@id\":\"https:\\\/\\\/camping-les-embruns-oleron.com\\\/#website\",\"url\":\"https:\\\/\\\/camping-les-embruns-oleron.com\\\/\",\"name\":\"Camping Airotel les Embruns d\u2019Ol\u00e9ron\",\"description\":\"Camping Ch\u00e2teau d&#039;Ol\u00e9ron - Centre \u00e9questre\",\"publisher\":{\"@id\":\"https:\\\/\\\/camping-les-embruns-oleron.com\\\/#organization\"},\"alternateName\":\"Camping les Embruns d'Ol\u00e9ron\",\"potentialAction\":[{\"@type\":\"SearchAction\",\"target\":{\"@type\":\"EntryPoint\",\"urlTemplate\":\"https:\\\/\\\/camping-les-embruns-oleron.com\\\/?s={search_term_string}\"},\"query-input\":{\"@type\":\"PropertyValueSpecification\",\"valueRequired\":true,\"valueName\":\"search_term_string\"}}],\"inLanguage\":\"en-GB\"},{\"@type\":\"Organization\",\"@id\":\"https:\\\/\\\/camping-les-embruns-oleron.com\\\/#organization\",\"name\":\"Camping Airotel les Embruns d\u2019Ol\u00e9ron\",\"url\":\"https:\\\/\\\/camping-les-embruns-oleron.com\\\/\",\"logo\":{\"@type\":\"ImageObject\",\"inLanguage\":\"en-GB\",\"@id\":\"https:\\\/\\\/camping-les-embruns-oleron.com\\\/#\\\/schema\\\/logo\\\/image\\\/\",\"url\":\"https:\\\/\\\/camping-les-embruns-oleron.com\\\/wp-content\\\/uploads\\\/2022\\\/11\\\/logo-camping-embruns-oleron-couleur.svg\",\"contentUrl\":\"https:\\\/\\\/camping-les-embruns-oleron.com\\\/wp-content\\\/uploads\\\/2022\\\/11\\\/logo-camping-embruns-oleron-couleur.svg\",\"width\":\"1020\",\"height\":\"1020\",\"caption\":\"Camping Airotel les Embruns d\u2019Ol\u00e9ron\"},\"image\":{\"@id\":\"https:\\\/\\\/camping-les-embruns-oleron.com\\\/#\\\/schema\\\/logo\\\/image\\\/\"},\"sameAs\":[\"https:\\\/\\\/www.facebook.com\\\/campinglesembrunsdoleron\",\"https:\\\/\\\/www.instagram.com\\\/lesembrunsdoleron\"]}]}<\/script>\n<!-- \/ Yoast SEO plugin. -->","yoast_head_json":{"title":"Mobile home with terrace for 2 people for rent in Ol\u00e9ron","description":"Mobile home with terrace for 2 people for rent in Ol\u00e9ron. Discover all the rentals at our campsite for your vacation on the island of Ol\u00e9ron.","robots":{"index":"index","follow":"follow","max-snippet":"max-snippet:-1","max-image-preview":"max-image-preview:large","max-video-preview":"max-video-preview:-1"},"canonical":"https:\/\/camping-les-embruns-oleron.com\/en\/accommodation\/mobile-homes\/rousserolle-mobile-home\/","og_locale":"en_GB","og_type":"article","og_title":"Mobil home avec terrasse 2 personnes en location \u00e0 Ol\u00e9ron","og_description":"Mobil home avec terrasse 2 personnes en location \u00e0 Ol\u00e9ron. D\u00e9couvrez toutes les locations de notre camping pour vos vacances sur l'\u00eele d'Ol\u00e9ron","og_url":"https:\/\/camping-les-embruns-oleron.com\/en\/accommodation\/mobile-homes\/rousserolle-mobile-home\/","og_site_name":"Camping ile d&#039;Ol\u00e9ron 4 \u00e9toiles","article_publisher":"https:\/\/www.facebook.com\/campinglesembrunsdoleron","article_modified_time":"2026-03-19T07:17:38+00:00","og_image":[{"width":2560,"height":1703,"url":"https:\/\/camping-les-embruns-oleron.com\/wp-content\/uploads\/2022\/11\/mobil-home-rousserole-2-personnes-en-location-sur-lile-dOleron-scaled.jpg","type":"image\/jpeg"}],"twitter_card":"summary_large_image","twitter_misc":{"Estimated reading time":"1 minute"},"schema":{"@context":"https:\/\/schema.org","@graph":[{"@type":"WebPage","@id":"https:\/\/camping-les-embruns-oleron.com\/hebergement\/mobil-homes\/mobil-home-rousserolle\/","url":"https:\/\/camping-les-embruns-oleron.com\/hebergement\/mobil-homes\/mobil-home-rousserolle\/","name":"Mobile home with terrace for 2 people for rent in Ol\u00e9ron","isPartOf":{"@id":"https:\/\/camping-les-embruns-oleron.com\/#website"},"primaryImageOfPage":{"@id":"https:\/\/camping-les-embruns-oleron.com\/hebergement\/mobil-homes\/mobil-home-rousserolle\/#primaryimage"},"image":{"@id":"https:\/\/camping-les-embruns-oleron.com\/hebergement\/mobil-homes\/mobil-home-rousserolle\/#primaryimage"},"thumbnailUrl":"https:\/\/camping-les-embruns-oleron.com\/wp-content\/uploads\/2022\/11\/mobil-home-rousserole-2-personnes-en-location-sur-lile-dOleron-scaled.jpg","datePublished":"2022-11-18T19:09:52+00:00","dateModified":"2026-03-19T07:17:38+00:00","description":"Mobile home with terrace for 2 people for rent in Ol\u00e9ron. Discover all the rentals at our campsite for your vacation on the island of Ol\u00e9ron.","breadcrumb":{"@id":"https:\/\/camping-les-embruns-oleron.com\/hebergement\/mobil-homes\/mobil-home-rousserolle\/#breadcrumb"},"inLanguage":"en-GB","potentialAction":[{"@type":"ReadAction","target":["https:\/\/camping-les-embruns-oleron.com\/hebergement\/mobil-homes\/mobil-home-rousserolle\/"]}]},{"@type":"ImageObject","inLanguage":"en-GB","@id":"https:\/\/camping-les-embruns-oleron.com\/hebergement\/mobil-homes\/mobil-home-rousserolle\/#primaryimage","url":"https:\/\/camping-les-embruns-oleron.com\/wp-content\/uploads\/2022\/11\/mobil-home-rousserole-2-personnes-en-location-sur-lile-dOleron-scaled.jpg","contentUrl":"https:\/\/camping-les-embruns-oleron.com\/wp-content\/uploads\/2022\/11\/mobil-home-rousserole-2-personnes-en-location-sur-lile-dOleron-scaled.jpg","width":2560,"height":1703,"caption":"Mobil Home Rousserole 2 Personnes En Location Sur L\u2019ile D\u2019ol\u00e9ron"},{"@type":"BreadcrumbList","@id":"https:\/\/camping-les-embruns-oleron.com\/hebergement\/mobil-homes\/mobil-home-rousserolle\/#breadcrumb","itemListElement":[{"@type":"ListItem","position":1,"name":"Home","item":"https:\/\/camping-les-embruns-oleron.com\/"},{"@type":"ListItem","position":2,"name":"H\u00e9bergements","item":"https:\/\/camping-les-embruns-oleron.com\/hebergements-ile-d-oleron\/"},{"@type":"ListItem","position":3,"name":"Rousserolle"}]},{"@type":"WebSite","@id":"https:\/\/camping-les-embruns-oleron.com\/#website","url":"https:\/\/camping-les-embruns-oleron.com\/","name":"Airotel campsite les Embruns d&#039;Ol\u00e9ron","description":"Camping Ch\u00e2teau d&#039;Ol\u00e9ron - Equestrian center","publisher":{"@id":"https:\/\/camping-les-embruns-oleron.com\/#organization"},"alternateName":"Camping les Embruns d'Ol\u00e9ron","potentialAction":[{"@type":"SearchAction","target":{"@type":"EntryPoint","urlTemplate":"https:\/\/camping-les-embruns-oleron.com\/?s={search_term_string}"},"query-input":{"@type":"PropertyValueSpecification","valueRequired":true,"valueName":"search_term_string"}}],"inLanguage":"en-GB"},{"@type":"Organization","@id":"https:\/\/camping-les-embruns-oleron.com\/#organization","name":"Airotel campsite les Embruns d&#039;Ol\u00e9ron","url":"https:\/\/camping-les-embruns-oleron.com\/","logo":{"@type":"ImageObject","inLanguage":"en-GB","@id":"https:\/\/camping-les-embruns-oleron.com\/#\/schema\/logo\/image\/","url":"https:\/\/camping-les-embruns-oleron.com\/wp-content\/uploads\/2022\/11\/logo-camping-embruns-oleron-couleur.svg","contentUrl":"https:\/\/camping-les-embruns-oleron.com\/wp-content\/uploads\/2022\/11\/logo-camping-embruns-oleron-couleur.svg","width":"1020","height":"1020","caption":"Camping Airotel les Embruns d\u2019Ol\u00e9ron"},"image":{"@id":"https:\/\/camping-les-embruns-oleron.com\/#\/schema\/logo\/image\/"},"sameAs":["https:\/\/www.facebook.com\/campinglesembrunsdoleron","https:\/\/www.instagram.com\/lesembrunsdoleron"]}]}},"_links":{"self":[{"href":"https:\/\/camping-les-embruns-oleron.com\/en\/wp-json\/wp\/v2\/product\/3824","targetHints":{"allow":["GET"]}}],"collection":[{"href":"https:\/\/camping-les-embruns-oleron.com\/en\/wp-json\/wp\/v2\/product"}],"about":[{"href":"https:\/\/camping-les-embruns-oleron.com\/en\/wp-json\/wp\/v2\/types\/product"}],"wp:featuredmedia":[{"embeddable":true,"href":"https:\/\/camping-les-embruns-oleron.com\/en\/wp-json\/wp\/v2\/media\/6985"}],"wp:attachment":[{"href":"https:\/\/camping-les-embruns-oleron.com\/en\/wp-json\/wp\/v2\/media?parent=3824"}],"wp:term":[{"taxonomy":"product_brand","embeddable":true,"href":"https:\/\/camping-les-embruns-oleron.com\/en\/wp-json\/wp\/v2\/product_brand?post=3824"},{"taxonomy":"product_cat","embeddable":true,"href":"https:\/\/camping-les-embruns-oleron.com\/en\/wp-json\/wp\/v2\/product_cat?post=3824"},{"taxonomy":"product_tag","embeddable":true,"href":"https:\/\/camping-les-embruns-oleron.com\/en\/wp-json\/wp\/v2\/product_tag?post=3824"}],"curies":[{"name":"wp","href":"https:\/\/api.w.org\/{rel}","templated":true}]}}