{"id":3812,"date":"2022-11-18T19:47:21","date_gmt":"2022-11-18T18:47:21","guid":{"rendered":"https:\/\/camping-les-embruns-oleron.com\/?post_type=product&#038;p=3812"},"modified":"2026-02-10T10:10:44","modified_gmt":"2026-02-10T09:10:44","slug":"chalet-de-currucas","status":"publish","type":"product","link":"https:\/\/camping-les-embruns-oleron.com\/es\/alojamiento\/alquiler-para-5-personas\/chalet-de-currucas\/","title":{"rendered":"El chalet Fauvette"},"content":{"rendered":"<p class=\"lead shortcode-error\">Abre esto en UX Builder para agregar y editar contenido.<\/p>\n<div class=\"is-divider divider clearfix\" ><\/div>\n<p><span style=\"font-size: 120%;\"><strong>Descripci\u00f3n completa del alojamiento<\/strong><\/span><\/p>\n<p data-start=\"486\" data-end=\"875\">Ideal para familias que buscan comodidad y naturaleza, el chalet Fauvette (modelo vintage) combina encanto, practicidad y relajaci\u00f3n en el coraz\u00f3n del camping de 4 estrellas Les Embruns en Ch\u00e2teau d&#039;Ol\u00e9ron.<br data-start=\"674\" data-end=\"677\" \/>Con una superficie aproximada de 26 m\u00b2, dispone de 2 dormitorios, una c\u00f3moda sala de estar, televisi\u00f3n y una terraza cubierta perfecta para disfrutar del aire libre.<\/p>\n<p data-start=\"877\" data-end=\"1177\">Con capacidad para hasta 5 personas, este chalet impresiona por su ambiente c\u00e1lido y su comodidad sencilla y eficiente.<br data-start=\"1005\" data-end=\"1008\" \/>El chalet Fauvette es el compromiso ideal entre el esp\u00edritu de camping y el confort acogedor, para unas vacaciones exitosas en la isla de Ol\u00e9ron en familia o con amigos.<\/p>\n<p><em>Fotograf\u00edas y planos no contractuales.<\/em><\/p>","protected":false},"excerpt":{"rendered":"<p>El chalet Fauvette (modelo vintage), de aproximadamente 26 m\u00b2, tiene capacidad para hasta 5 personas y se encuentra en un entorno c\u00e1lido y verde en el Camping Les Embruns. Con su terraza cubierta y televisi\u00f3n, ofrece todas las comodidades necesarias para una estancia tranquila en la \u00cele d&#039;Ol\u00e9ron.<\/p>","protected":false},"featured_media":6635,"template":"","meta":{"_acf_changed":false,"inline_featured_image":false,"_glsr_average":0,"_glsr_ranking":0,"_glsr_reviews":0},"product_brand":[],"product_cat":[420],"product_tag":[],"class_list":{"0":"post-3812","1":"product","2":"type-product","3":"status-publish","4":"has-post-thumbnail","6":"product_cat-location-5-personnes","7":"pa_gammes-easyfirst","9":"first","10":"instock","11":"shipping-taxable","12":"product-type-simple"},"acf":[],"yoast_head":"<!-- This site is optimized with the Yoast SEO plugin v27.5 - https:\/\/yoast.com\/product\/yoast-seo-wordpress\/ -->\n<title>Chalet Fauvette terrasse semi-couverte 5 personnes<\/title>\n<meta name=\"description\" content=\"Chalet Fauvette avec terrasse semi-couverte 5 pers. en location pour vos vacances sur l&#039;\u00eele d&#039;Ol\u00e9ron. D\u00e9couvrez nos autres h\u00e9bergements.\" \/>\n<meta name=\"robots\" content=\"index, follow, max-snippet:-1, max-image-preview:large, max-video-preview:-1\" \/>\n<link rel=\"canonical\" href=\"https:\/\/camping-les-embruns-oleron.com\/es\/alojamiento\/alquiler-para-5-personas\/chalet-de-currucas\/\" \/>\n<meta property=\"og:locale\" content=\"es_ES\" \/>\n<meta property=\"og:type\" content=\"article\" \/>\n<meta property=\"og:title\" content=\"Chalet Fauvette terrasse semi-couverte 5 personnes\" \/>\n<meta property=\"og:description\" content=\"Chalet Fauvette avec terrasse semi-couverte 5 pers. en location pour vos vacances sur l&#039;\u00eele d&#039;Ol\u00e9ron. D\u00e9couvrez nos autres h\u00e9bergements.\" \/>\n<meta property=\"og:url\" content=\"https:\/\/camping-les-embruns-oleron.com\/es\/alojamiento\/alquiler-para-5-personas\/chalet-de-currucas\/\" \/>\n<meta property=\"og:site_name\" content=\"Camping ile d&#039;Ol\u00e9ron 4 \u00e9toiles\" \/>\n<meta property=\"article:publisher\" content=\"https:\/\/www.facebook.com\/campinglesembrunsdoleron\" \/>\n<meta property=\"article:modified_time\" content=\"2026-02-10T09:10:44+00:00\" \/>\n<meta property=\"og:image\" content=\"https:\/\/camping-les-embruns-oleron.com\/wp-content\/uploads\/2022\/11\/chalet-fauvette-pour-4-personnes-sur-l-ile-d-oleron.png\" \/>\n\t<meta property=\"og:image:width\" content=\"1200\" \/>\n\t<meta property=\"og:image:height\" content=\"800\" \/>\n\t<meta property=\"og:image:type\" content=\"image\/png\" \/>\n<meta name=\"twitter:card\" content=\"summary_large_image\" \/>\n<meta name=\"twitter:label1\" content=\"Tiempo de lectura\" \/>\n\t<meta name=\"twitter:data1\" content=\"1 minuto\" \/>\n<script type=\"application\/ld+json\" class=\"yoast-schema-graph\">{\"@context\":\"https:\\\/\\\/schema.org\",\"@graph\":[{\"@type\":\"WebPage\",\"@id\":\"https:\\\/\\\/camping-les-embruns-oleron.com\\\/hebergement\\\/location-5-personnes\\\/chalet-fauvette\\\/\",\"url\":\"https:\\\/\\\/camping-les-embruns-oleron.com\\\/hebergement\\\/location-5-personnes\\\/chalet-fauvette\\\/\",\"name\":\"Chalet Fauvette terrasse semi-couverte 5 personnes\",\"isPartOf\":{\"@id\":\"https:\\\/\\\/camping-les-embruns-oleron.com\\\/#website\"},\"primaryImageOfPage\":{\"@id\":\"https:\\\/\\\/camping-les-embruns-oleron.com\\\/hebergement\\\/location-5-personnes\\\/chalet-fauvette\\\/#primaryimage\"},\"image\":{\"@id\":\"https:\\\/\\\/camping-les-embruns-oleron.com\\\/hebergement\\\/location-5-personnes\\\/chalet-fauvette\\\/#primaryimage\"},\"thumbnailUrl\":\"https:\\\/\\\/camping-les-embruns-oleron.com\\\/wp-content\\\/uploads\\\/2022\\\/11\\\/chalet-fauvette-pour-4-personnes-sur-l-ile-d-oleron.png\",\"datePublished\":\"2022-11-18T18:47:21+00:00\",\"dateModified\":\"2026-02-10T09:10:44+00:00\",\"description\":\"Chalet Fauvette avec terrasse semi-couverte 5 pers. en location pour vos vacances sur l'\u00eele d'Ol\u00e9ron. D\u00e9couvrez nos autres h\u00e9bergements.\",\"breadcrumb\":{\"@id\":\"https:\\\/\\\/camping-les-embruns-oleron.com\\\/hebergement\\\/location-5-personnes\\\/chalet-fauvette\\\/#breadcrumb\"},\"inLanguage\":\"es\",\"potentialAction\":[{\"@type\":\"ReadAction\",\"target\":[\"https:\\\/\\\/camping-les-embruns-oleron.com\\\/hebergement\\\/location-5-personnes\\\/chalet-fauvette\\\/\"]}]},{\"@type\":\"ImageObject\",\"inLanguage\":\"es\",\"@id\":\"https:\\\/\\\/camping-les-embruns-oleron.com\\\/hebergement\\\/location-5-personnes\\\/chalet-fauvette\\\/#primaryimage\",\"url\":\"https:\\\/\\\/camping-les-embruns-oleron.com\\\/wp-content\\\/uploads\\\/2022\\\/11\\\/chalet-fauvette-pour-4-personnes-sur-l-ile-d-oleron.png\",\"contentUrl\":\"https:\\\/\\\/camping-les-embruns-oleron.com\\\/wp-content\\\/uploads\\\/2022\\\/11\\\/chalet-fauvette-pour-4-personnes-sur-l-ile-d-oleron.png\",\"width\":1200,\"height\":800,\"caption\":\"Chalet Fauvette Pour 4 Personnes Sur L Ile D Oleron\"},{\"@type\":\"BreadcrumbList\",\"@id\":\"https:\\\/\\\/camping-les-embruns-oleron.com\\\/hebergement\\\/location-5-personnes\\\/chalet-fauvette\\\/#breadcrumb\",\"itemListElement\":[{\"@type\":\"ListItem\",\"position\":1,\"name\":\"Home\",\"item\":\"https:\\\/\\\/camping-les-embruns-oleron.com\\\/\"},{\"@type\":\"ListItem\",\"position\":2,\"name\":\"H\u00e9bergements\",\"item\":\"https:\\\/\\\/camping-les-embruns-oleron.com\\\/hebergements-ile-d-oleron\\\/\"},{\"@type\":\"ListItem\",\"position\":3,\"name\":\"Le chalet Fauvette\"}]},{\"@type\":\"WebSite\",\"@id\":\"https:\\\/\\\/camping-les-embruns-oleron.com\\\/#website\",\"url\":\"https:\\\/\\\/camping-les-embruns-oleron.com\\\/\",\"name\":\"Camping Airotel les Embruns d\u2019Ol\u00e9ron\",\"description\":\"Camping Ch\u00e2teau d&#039;Ol\u00e9ron - Centre \u00e9questre\",\"publisher\":{\"@id\":\"https:\\\/\\\/camping-les-embruns-oleron.com\\\/#organization\"},\"alternateName\":\"Camping les Embruns d'Ol\u00e9ron\",\"potentialAction\":[{\"@type\":\"SearchAction\",\"target\":{\"@type\":\"EntryPoint\",\"urlTemplate\":\"https:\\\/\\\/camping-les-embruns-oleron.com\\\/?s={search_term_string}\"},\"query-input\":{\"@type\":\"PropertyValueSpecification\",\"valueRequired\":true,\"valueName\":\"search_term_string\"}}],\"inLanguage\":\"es\"},{\"@type\":\"Organization\",\"@id\":\"https:\\\/\\\/camping-les-embruns-oleron.com\\\/#organization\",\"name\":\"Camping Airotel les Embruns d\u2019Ol\u00e9ron\",\"url\":\"https:\\\/\\\/camping-les-embruns-oleron.com\\\/\",\"logo\":{\"@type\":\"ImageObject\",\"inLanguage\":\"es\",\"@id\":\"https:\\\/\\\/camping-les-embruns-oleron.com\\\/#\\\/schema\\\/logo\\\/image\\\/\",\"url\":\"https:\\\/\\\/camping-les-embruns-oleron.com\\\/wp-content\\\/uploads\\\/2022\\\/11\\\/logo-camping-embruns-oleron-couleur.svg\",\"contentUrl\":\"https:\\\/\\\/camping-les-embruns-oleron.com\\\/wp-content\\\/uploads\\\/2022\\\/11\\\/logo-camping-embruns-oleron-couleur.svg\",\"width\":\"1020\",\"height\":\"1020\",\"caption\":\"Camping Airotel les Embruns d\u2019Ol\u00e9ron\"},\"image\":{\"@id\":\"https:\\\/\\\/camping-les-embruns-oleron.com\\\/#\\\/schema\\\/logo\\\/image\\\/\"},\"sameAs\":[\"https:\\\/\\\/www.facebook.com\\\/campinglesembrunsdoleron\",\"https:\\\/\\\/www.instagram.com\\\/lesembrunsdoleron\"]}]}<\/script>\n<!-- \/ Yoast SEO plugin. -->","yoast_head_json":{"title":"Chalet Fauvette con terraza semicubierta, capacidad para 5 personas","description":"Chalet Fauvette con terraza semicubierta, capacidad para 5 personas, disponible para alquilar para sus vacaciones en la \u00cele d&#039;Ol\u00e9ron. Descubra nuestros otros alojamientos.","robots":{"index":"index","follow":"follow","max-snippet":"max-snippet:-1","max-image-preview":"max-image-preview:large","max-video-preview":"max-video-preview:-1"},"canonical":"https:\/\/camping-les-embruns-oleron.com\/es\/alojamiento\/alquiler-para-5-personas\/chalet-de-currucas\/","og_locale":"es_ES","og_type":"article","og_title":"Chalet Fauvette terrasse semi-couverte 5 personnes","og_description":"Chalet Fauvette avec terrasse semi-couverte 5 pers. en location pour vos vacances sur l'\u00eele d'Ol\u00e9ron. D\u00e9couvrez nos autres h\u00e9bergements.","og_url":"https:\/\/camping-les-embruns-oleron.com\/es\/alojamiento\/alquiler-para-5-personas\/chalet-de-currucas\/","og_site_name":"Camping ile d&#039;Ol\u00e9ron 4 \u00e9toiles","article_publisher":"https:\/\/www.facebook.com\/campinglesembrunsdoleron","article_modified_time":"2026-02-10T09:10:44+00:00","og_image":[{"width":1200,"height":800,"url":"https:\/\/camping-les-embruns-oleron.com\/wp-content\/uploads\/2022\/11\/chalet-fauvette-pour-4-personnes-sur-l-ile-d-oleron.png","type":"image\/png"}],"twitter_card":"summary_large_image","twitter_misc":{"Tiempo de lectura":"1 minuto"},"schema":{"@context":"https:\/\/schema.org","@graph":[{"@type":"WebPage","@id":"https:\/\/camping-les-embruns-oleron.com\/hebergement\/location-5-personnes\/chalet-fauvette\/","url":"https:\/\/camping-les-embruns-oleron.com\/hebergement\/location-5-personnes\/chalet-fauvette\/","name":"Chalet Fauvette con terraza semicubierta, capacidad para 5 personas","isPartOf":{"@id":"https:\/\/camping-les-embruns-oleron.com\/#website"},"primaryImageOfPage":{"@id":"https:\/\/camping-les-embruns-oleron.com\/hebergement\/location-5-personnes\/chalet-fauvette\/#primaryimage"},"image":{"@id":"https:\/\/camping-les-embruns-oleron.com\/hebergement\/location-5-personnes\/chalet-fauvette\/#primaryimage"},"thumbnailUrl":"https:\/\/camping-les-embruns-oleron.com\/wp-content\/uploads\/2022\/11\/chalet-fauvette-pour-4-personnes-sur-l-ile-d-oleron.png","datePublished":"2022-11-18T18:47:21+00:00","dateModified":"2026-02-10T09:10:44+00:00","description":"Chalet Fauvette con terraza semicubierta, capacidad para 5 personas, disponible para alquilar para sus vacaciones en la \u00cele d&#039;Ol\u00e9ron. Descubra nuestros otros alojamientos.","breadcrumb":{"@id":"https:\/\/camping-les-embruns-oleron.com\/hebergement\/location-5-personnes\/chalet-fauvette\/#breadcrumb"},"inLanguage":"es","potentialAction":[{"@type":"ReadAction","target":["https:\/\/camping-les-embruns-oleron.com\/hebergement\/location-5-personnes\/chalet-fauvette\/"]}]},{"@type":"ImageObject","inLanguage":"es","@id":"https:\/\/camping-les-embruns-oleron.com\/hebergement\/location-5-personnes\/chalet-fauvette\/#primaryimage","url":"https:\/\/camping-les-embruns-oleron.com\/wp-content\/uploads\/2022\/11\/chalet-fauvette-pour-4-personnes-sur-l-ile-d-oleron.png","contentUrl":"https:\/\/camping-les-embruns-oleron.com\/wp-content\/uploads\/2022\/11\/chalet-fauvette-pour-4-personnes-sur-l-ile-d-oleron.png","width":1200,"height":800,"caption":"Chalet Fauvette Pour 4 Personnes Sur L Ile D Oleron"},{"@type":"BreadcrumbList","@id":"https:\/\/camping-les-embruns-oleron.com\/hebergement\/location-5-personnes\/chalet-fauvette\/#breadcrumb","itemListElement":[{"@type":"ListItem","position":1,"name":"Home","item":"https:\/\/camping-les-embruns-oleron.com\/"},{"@type":"ListItem","position":2,"name":"H\u00e9bergements","item":"https:\/\/camping-les-embruns-oleron.com\/hebergements-ile-d-oleron\/"},{"@type":"ListItem","position":3,"name":"Le chalet Fauvette"}]},{"@type":"WebSite","@id":"https:\/\/camping-les-embruns-oleron.com\/#website","url":"https:\/\/camping-les-embruns-oleron.com\/","name":"Camping Airotel les Embruns d&#039;Ol\u00e9ron","description":"Camping Ch\u00e2teau d&#039;Ol\u00e9ron - Centro ecuestre","publisher":{"@id":"https:\/\/camping-les-embruns-oleron.com\/#organization"},"alternateName":"Camping les Embruns d'Ol\u00e9ron","potentialAction":[{"@type":"SearchAction","target":{"@type":"EntryPoint","urlTemplate":"https:\/\/camping-les-embruns-oleron.com\/?s={search_term_string}"},"query-input":{"@type":"PropertyValueSpecification","valueRequired":true,"valueName":"search_term_string"}}],"inLanguage":"es"},{"@type":"Organization","@id":"https:\/\/camping-les-embruns-oleron.com\/#organization","name":"Camping Airotel les Embruns d&#039;Ol\u00e9ron","url":"https:\/\/camping-les-embruns-oleron.com\/","logo":{"@type":"ImageObject","inLanguage":"es","@id":"https:\/\/camping-les-embruns-oleron.com\/#\/schema\/logo\/image\/","url":"https:\/\/camping-les-embruns-oleron.com\/wp-content\/uploads\/2022\/11\/logo-camping-embruns-oleron-couleur.svg","contentUrl":"https:\/\/camping-les-embruns-oleron.com\/wp-content\/uploads\/2022\/11\/logo-camping-embruns-oleron-couleur.svg","width":"1020","height":"1020","caption":"Camping Airotel les Embruns d\u2019Ol\u00e9ron"},"image":{"@id":"https:\/\/camping-les-embruns-oleron.com\/#\/schema\/logo\/image\/"},"sameAs":["https:\/\/www.facebook.com\/campinglesembrunsdoleron","https:\/\/www.instagram.com\/lesembrunsdoleron"]}]}},"_links":{"self":[{"href":"https:\/\/camping-les-embruns-oleron.com\/es\/wp-json\/wp\/v2\/product\/3812","targetHints":{"allow":["GET"]}}],"collection":[{"href":"https:\/\/camping-les-embruns-oleron.com\/es\/wp-json\/wp\/v2\/product"}],"about":[{"href":"https:\/\/camping-les-embruns-oleron.com\/es\/wp-json\/wp\/v2\/types\/product"}],"wp:featuredmedia":[{"embeddable":true,"href":"https:\/\/camping-les-embruns-oleron.com\/es\/wp-json\/wp\/v2\/media\/6635"}],"wp:attachment":[{"href":"https:\/\/camping-les-embruns-oleron.com\/es\/wp-json\/wp\/v2\/media?parent=3812"}],"wp:term":[{"taxonomy":"product_brand","embeddable":true,"href":"https:\/\/camping-les-embruns-oleron.com\/es\/wp-json\/wp\/v2\/product_brand?post=3812"},{"taxonomy":"product_cat","embeddable":true,"href":"https:\/\/camping-les-embruns-oleron.com\/es\/wp-json\/wp\/v2\/product_cat?post=3812"},{"taxonomy":"product_tag","embeddable":true,"href":"https:\/\/camping-les-embruns-oleron.com\/es\/wp-json\/wp\/v2\/product_tag?post=3812"}],"curies":[{"name":"wp","href":"https:\/\/api.w.org\/{rel}","templated":true}]}}