{"id":3858,"date":"2022-11-18T20:51:27","date_gmt":"2022-11-18T19:51:27","guid":{"rendered":"https:\/\/camping-les-embruns-oleron.com\/?post_type=product&#038;p=3858"},"modified":"2026-04-24T15:02:21","modified_gmt":"2026-04-24T13:02:21","slug":"casa-movil-avocette","status":"publish","type":"product","link":"https:\/\/camping-les-embruns-oleron.com\/es\/alojamiento\/casas-moviles\/casa-movil-avocette\/","title":{"rendered":"Avoceta"},"content":{"rendered":"<p class=\"lead shortcode-error\">Abre esto en UX Builder para agregar y editar contenido.<\/p>\n<p data-start=\"477\" data-end=\"861\"><strong><span style=\"font-size: 120%;\">Descripci\u00f3n completa del alojamiento<\/span><\/strong><\/p>\n<p data-start=\"477\" data-end=\"861\">Espaciosa y funcional, la casa m\u00f3vil Avocette est\u00e1 dise\u00f1ada para familias que quieran disfrutar de unas vacaciones c\u00f3modas y relajantes en la isla de Ol\u00e9ron.<br data-start=\"642\" data-end=\"645\" \/>Sus m\u00e1s de 30m\u00b2 incluyen 3 dormitorios que permiten a cada uno preservar su privacidad, una zona de estar con comedor separado y una terraza semicubierta ideal para momentos de convivencia al aire libre.<\/p>\n<p data-start=\"863\" data-end=\"1093\">Situada en un entorno natural excepcional, en el coraz\u00f3n del camping de 4 estrellas Les Embruns, esta casa m\u00f3vil combina bienestar, practicidad y relajaci\u00f3n para unas vacaciones exitosas en familia o con amigos en Ch\u00e2teau d&#039;Ol\u00e9ron.<\/p>\n<p><em>Fotograf\u00edas y planos no contractuales.<\/em><\/p>","protected":false},"excerpt":{"rendered":"<p>La casa m\u00f3vil Avocette, de m\u00e1s de 30 m\u00b2, tiene capacidad para hasta 6 personas en un entorno natural y acogedor. Sus 3 dormitorios y terraza semicubierta la convierten en el alojamiento ideal para familias que buscan comodidad y espacio en la \u00cele d&#039;Ol\u00e9ron. Disfrute de un 15 % de descuento en esta casa m\u00f3vil durante julio y agosto con el c\u00f3digo: SUMMER15.<\/p>","protected":false},"featured_media":7019,"template":"","meta":{"_acf_changed":false,"inline_featured_image":false,"_glsr_average":0,"_glsr_ranking":0,"_glsr_reviews":0},"product_brand":[],"product_cat":[393,55],"product_tag":[],"class_list":{"0":"post-3858","1":"product","2":"type-product","3":"status-publish","4":"has-post-thumbnail","6":"product_cat-location-6-personnes","7":"product_cat-mobil-homes","9":"first","10":"instock","11":"shipping-taxable","12":"product-type-simple"},"acf":[],"yoast_head":"<!-- This site is optimized with the Yoast SEO plugin v27.5 - https:\/\/yoast.com\/product\/yoast-seo-wordpress\/ -->\n<title>Mobil home Avocette 3 chambres 6 personnes en location \u00e0 Ol\u00e9ron<\/title>\n<meta name=\"description\" content=\"Mobil home Avocette 3 chambres 6 personnes en location \u00e0 Ol\u00e9ron. D\u00e9couvrez toutes les locations de notre camping pour vos vacances sur l&#039;\u00eele d&#039;Ol\u00e9ron\" \/>\n<meta name=\"robots\" content=\"index, follow, max-snippet:-1, max-image-preview:large, max-video-preview:-1\" \/>\n<link rel=\"canonical\" href=\"https:\/\/camping-les-embruns-oleron.com\/es\/alojamiento\/casas-moviles\/casa-movil-avocette\/\" \/>\n<meta property=\"og:locale\" content=\"es_ES\" \/>\n<meta property=\"og:type\" content=\"article\" \/>\n<meta property=\"og:title\" content=\"Mobil home Avocette 3 chambres 6 personnes en location \u00e0 Ol\u00e9ron\" \/>\n<meta property=\"og:description\" content=\"Mobil home Avocette 3 chambres 6 personnes en location \u00e0 Ol\u00e9ron. D\u00e9couvrez toutes les locations de notre camping pour vos vacances sur l&#039;\u00eele d&#039;Ol\u00e9ron\" \/>\n<meta property=\"og:url\" content=\"https:\/\/camping-les-embruns-oleron.com\/es\/alojamiento\/casas-moviles\/casa-movil-avocette\/\" \/>\n<meta property=\"og:site_name\" content=\"Camping ile d&#039;Ol\u00e9ron 4 \u00e9toiles\" \/>\n<meta property=\"article:publisher\" content=\"https:\/\/www.facebook.com\/campinglesembrunsdoleron\" \/>\n<meta property=\"article:modified_time\" content=\"2026-04-24T13:02:21+00:00\" \/>\n<meta property=\"og:image\" content=\"https:\/\/camping-les-embruns-oleron.com\/wp-content\/uploads\/2022\/11\/promo-summer-15-camping-les-embruns-doleron-mobil-home-avocette.png\" \/>\n\t<meta property=\"og:image:width\" content=\"1200\" \/>\n\t<meta property=\"og:image:height\" content=\"800\" \/>\n\t<meta property=\"og:image:type\" content=\"image\/png\" \/>\n<meta name=\"twitter:card\" content=\"summary_large_image\" \/>\n<meta name=\"twitter:label1\" content=\"Tiempo de lectura\" \/>\n\t<meta name=\"twitter:data1\" content=\"1 minuto\" \/>\n<script type=\"application\/ld+json\" class=\"yoast-schema-graph\">{\"@context\":\"https:\\\/\\\/schema.org\",\"@graph\":[{\"@type\":\"WebPage\",\"@id\":\"https:\\\/\\\/camping-les-embruns-oleron.com\\\/hebergement\\\/mobil-homes\\\/mobil-home-avocette\\\/\",\"url\":\"https:\\\/\\\/camping-les-embruns-oleron.com\\\/hebergement\\\/mobil-homes\\\/mobil-home-avocette\\\/\",\"name\":\"Mobil home Avocette 3 chambres 6 personnes en location \u00e0 Ol\u00e9ron\",\"isPartOf\":{\"@id\":\"https:\\\/\\\/camping-les-embruns-oleron.com\\\/#website\"},\"primaryImageOfPage\":{\"@id\":\"https:\\\/\\\/camping-les-embruns-oleron.com\\\/hebergement\\\/mobil-homes\\\/mobil-home-avocette\\\/#primaryimage\"},\"image\":{\"@id\":\"https:\\\/\\\/camping-les-embruns-oleron.com\\\/hebergement\\\/mobil-homes\\\/mobil-home-avocette\\\/#primaryimage\"},\"thumbnailUrl\":\"https:\\\/\\\/camping-les-embruns-oleron.com\\\/wp-content\\\/uploads\\\/2022\\\/11\\\/promo-summer-15-camping-les-embruns-doleron-mobil-home-avocette.png\",\"datePublished\":\"2022-11-18T19:51:27+00:00\",\"dateModified\":\"2026-04-24T13:02:21+00:00\",\"description\":\"Mobil home Avocette 3 chambres 6 personnes en location \u00e0 Ol\u00e9ron. D\u00e9couvrez toutes les locations de notre camping pour vos vacances sur l'\u00eele d'Ol\u00e9ron\",\"breadcrumb\":{\"@id\":\"https:\\\/\\\/camping-les-embruns-oleron.com\\\/hebergement\\\/mobil-homes\\\/mobil-home-avocette\\\/#breadcrumb\"},\"inLanguage\":\"es\",\"potentialAction\":[{\"@type\":\"ReadAction\",\"target\":[\"https:\\\/\\\/camping-les-embruns-oleron.com\\\/hebergement\\\/mobil-homes\\\/mobil-home-avocette\\\/\"]}]},{\"@type\":\"ImageObject\",\"inLanguage\":\"es\",\"@id\":\"https:\\\/\\\/camping-les-embruns-oleron.com\\\/hebergement\\\/mobil-homes\\\/mobil-home-avocette\\\/#primaryimage\",\"url\":\"https:\\\/\\\/camping-les-embruns-oleron.com\\\/wp-content\\\/uploads\\\/2022\\\/11\\\/promo-summer-15-camping-les-embruns-doleron-mobil-home-avocette.png\",\"contentUrl\":\"https:\\\/\\\/camping-les-embruns-oleron.com\\\/wp-content\\\/uploads\\\/2022\\\/11\\\/promo-summer-15-camping-les-embruns-doleron-mobil-home-avocette.png\",\"width\":1200,\"height\":800,\"caption\":\"Promo Summer 15 Camping Les Embruns Doleron Mobil Home Avocette\"},{\"@type\":\"BreadcrumbList\",\"@id\":\"https:\\\/\\\/camping-les-embruns-oleron.com\\\/hebergement\\\/mobil-homes\\\/mobil-home-avocette\\\/#breadcrumb\",\"itemListElement\":[{\"@type\":\"ListItem\",\"position\":1,\"name\":\"Home\",\"item\":\"https:\\\/\\\/camping-les-embruns-oleron.com\\\/\"},{\"@type\":\"ListItem\",\"position\":2,\"name\":\"H\u00e9bergements\",\"item\":\"https:\\\/\\\/camping-les-embruns-oleron.com\\\/hebergements-ile-d-oleron\\\/\"},{\"@type\":\"ListItem\",\"position\":3,\"name\":\"Avocette\"}]},{\"@type\":\"WebSite\",\"@id\":\"https:\\\/\\\/camping-les-embruns-oleron.com\\\/#website\",\"url\":\"https:\\\/\\\/camping-les-embruns-oleron.com\\\/\",\"name\":\"Camping Airotel les Embruns d\u2019Ol\u00e9ron\",\"description\":\"Camping Ch\u00e2teau d&#039;Ol\u00e9ron - Centre \u00e9questre\",\"publisher\":{\"@id\":\"https:\\\/\\\/camping-les-embruns-oleron.com\\\/#organization\"},\"alternateName\":\"Camping les Embruns d'Ol\u00e9ron\",\"potentialAction\":[{\"@type\":\"SearchAction\",\"target\":{\"@type\":\"EntryPoint\",\"urlTemplate\":\"https:\\\/\\\/camping-les-embruns-oleron.com\\\/?s={search_term_string}\"},\"query-input\":{\"@type\":\"PropertyValueSpecification\",\"valueRequired\":true,\"valueName\":\"search_term_string\"}}],\"inLanguage\":\"es\"},{\"@type\":\"Organization\",\"@id\":\"https:\\\/\\\/camping-les-embruns-oleron.com\\\/#organization\",\"name\":\"Camping Airotel les Embruns d\u2019Ol\u00e9ron\",\"url\":\"https:\\\/\\\/camping-les-embruns-oleron.com\\\/\",\"logo\":{\"@type\":\"ImageObject\",\"inLanguage\":\"es\",\"@id\":\"https:\\\/\\\/camping-les-embruns-oleron.com\\\/#\\\/schema\\\/logo\\\/image\\\/\",\"url\":\"https:\\\/\\\/camping-les-embruns-oleron.com\\\/wp-content\\\/uploads\\\/2022\\\/11\\\/logo-camping-embruns-oleron-couleur.svg\",\"contentUrl\":\"https:\\\/\\\/camping-les-embruns-oleron.com\\\/wp-content\\\/uploads\\\/2022\\\/11\\\/logo-camping-embruns-oleron-couleur.svg\",\"width\":\"1020\",\"height\":\"1020\",\"caption\":\"Camping Airotel les Embruns d\u2019Ol\u00e9ron\"},\"image\":{\"@id\":\"https:\\\/\\\/camping-les-embruns-oleron.com\\\/#\\\/schema\\\/logo\\\/image\\\/\"},\"sameAs\":[\"https:\\\/\\\/www.facebook.com\\\/campinglesembrunsdoleron\",\"https:\\\/\\\/www.instagram.com\\\/lesembrunsdoleron\"]}]}<\/script>\n<!-- \/ Yoast SEO plugin. -->","yoast_head_json":{"title":"Casa m\u00f3vil Avocette de 3 habitaciones para 6 personas en alquiler en Ol\u00e9ron","description":"Casa m\u00f3vil Avocette de 3 habitaciones para 6 personas en alquiler en Ol\u00e9ron. Descubra todos los alojamientos de nuestro camping para sus vacaciones en la isla de Ol\u00e9ron.","robots":{"index":"index","follow":"follow","max-snippet":"max-snippet:-1","max-image-preview":"max-image-preview:large","max-video-preview":"max-video-preview:-1"},"canonical":"https:\/\/camping-les-embruns-oleron.com\/es\/alojamiento\/casas-moviles\/casa-movil-avocette\/","og_locale":"es_ES","og_type":"article","og_title":"Mobil home Avocette 3 chambres 6 personnes en location \u00e0 Ol\u00e9ron","og_description":"Mobil home Avocette 3 chambres 6 personnes en location \u00e0 Ol\u00e9ron. D\u00e9couvrez toutes les locations de notre camping pour vos vacances sur l'\u00eele d'Ol\u00e9ron","og_url":"https:\/\/camping-les-embruns-oleron.com\/es\/alojamiento\/casas-moviles\/casa-movil-avocette\/","og_site_name":"Camping ile d&#039;Ol\u00e9ron 4 \u00e9toiles","article_publisher":"https:\/\/www.facebook.com\/campinglesembrunsdoleron","article_modified_time":"2026-04-24T13:02:21+00:00","og_image":[{"width":1200,"height":800,"url":"https:\/\/camping-les-embruns-oleron.com\/wp-content\/uploads\/2022\/11\/promo-summer-15-camping-les-embruns-doleron-mobil-home-avocette.png","type":"image\/png"}],"twitter_card":"summary_large_image","twitter_misc":{"Tiempo de lectura":"1 minuto"},"schema":{"@context":"https:\/\/schema.org","@graph":[{"@type":"WebPage","@id":"https:\/\/camping-les-embruns-oleron.com\/hebergement\/mobil-homes\/mobil-home-avocette\/","url":"https:\/\/camping-les-embruns-oleron.com\/hebergement\/mobil-homes\/mobil-home-avocette\/","name":"Casa m\u00f3vil Avocette de 3 habitaciones para 6 personas en alquiler en Ol\u00e9ron","isPartOf":{"@id":"https:\/\/camping-les-embruns-oleron.com\/#website"},"primaryImageOfPage":{"@id":"https:\/\/camping-les-embruns-oleron.com\/hebergement\/mobil-homes\/mobil-home-avocette\/#primaryimage"},"image":{"@id":"https:\/\/camping-les-embruns-oleron.com\/hebergement\/mobil-homes\/mobil-home-avocette\/#primaryimage"},"thumbnailUrl":"https:\/\/camping-les-embruns-oleron.com\/wp-content\/uploads\/2022\/11\/promo-summer-15-camping-les-embruns-doleron-mobil-home-avocette.png","datePublished":"2022-11-18T19:51:27+00:00","dateModified":"2026-04-24T13:02:21+00:00","description":"Casa m\u00f3vil Avocette de 3 habitaciones para 6 personas en alquiler en Ol\u00e9ron. Descubra todos los alojamientos de nuestro camping para sus vacaciones en la isla de Ol\u00e9ron.","breadcrumb":{"@id":"https:\/\/camping-les-embruns-oleron.com\/hebergement\/mobil-homes\/mobil-home-avocette\/#breadcrumb"},"inLanguage":"es","potentialAction":[{"@type":"ReadAction","target":["https:\/\/camping-les-embruns-oleron.com\/hebergement\/mobil-homes\/mobil-home-avocette\/"]}]},{"@type":"ImageObject","inLanguage":"es","@id":"https:\/\/camping-les-embruns-oleron.com\/hebergement\/mobil-homes\/mobil-home-avocette\/#primaryimage","url":"https:\/\/camping-les-embruns-oleron.com\/wp-content\/uploads\/2022\/11\/promo-summer-15-camping-les-embruns-doleron-mobil-home-avocette.png","contentUrl":"https:\/\/camping-les-embruns-oleron.com\/wp-content\/uploads\/2022\/11\/promo-summer-15-camping-les-embruns-doleron-mobil-home-avocette.png","width":1200,"height":800,"caption":"Promo Summer 15 Camping Les Embruns Doleron Mobil Home Avocette"},{"@type":"BreadcrumbList","@id":"https:\/\/camping-les-embruns-oleron.com\/hebergement\/mobil-homes\/mobil-home-avocette\/#breadcrumb","itemListElement":[{"@type":"ListItem","position":1,"name":"Home","item":"https:\/\/camping-les-embruns-oleron.com\/"},{"@type":"ListItem","position":2,"name":"H\u00e9bergements","item":"https:\/\/camping-les-embruns-oleron.com\/hebergements-ile-d-oleron\/"},{"@type":"ListItem","position":3,"name":"Avocette"}]},{"@type":"WebSite","@id":"https:\/\/camping-les-embruns-oleron.com\/#website","url":"https:\/\/camping-les-embruns-oleron.com\/","name":"Camping Airotel les Embruns d&#039;Ol\u00e9ron","description":"Camping Ch\u00e2teau d&#039;Ol\u00e9ron - Centro ecuestre","publisher":{"@id":"https:\/\/camping-les-embruns-oleron.com\/#organization"},"alternateName":"Camping les Embruns d'Ol\u00e9ron","potentialAction":[{"@type":"SearchAction","target":{"@type":"EntryPoint","urlTemplate":"https:\/\/camping-les-embruns-oleron.com\/?s={search_term_string}"},"query-input":{"@type":"PropertyValueSpecification","valueRequired":true,"valueName":"search_term_string"}}],"inLanguage":"es"},{"@type":"Organization","@id":"https:\/\/camping-les-embruns-oleron.com\/#organization","name":"Camping Airotel les Embruns d&#039;Ol\u00e9ron","url":"https:\/\/camping-les-embruns-oleron.com\/","logo":{"@type":"ImageObject","inLanguage":"es","@id":"https:\/\/camping-les-embruns-oleron.com\/#\/schema\/logo\/image\/","url":"https:\/\/camping-les-embruns-oleron.com\/wp-content\/uploads\/2022\/11\/logo-camping-embruns-oleron-couleur.svg","contentUrl":"https:\/\/camping-les-embruns-oleron.com\/wp-content\/uploads\/2022\/11\/logo-camping-embruns-oleron-couleur.svg","width":"1020","height":"1020","caption":"Camping Airotel les Embruns d\u2019Ol\u00e9ron"},"image":{"@id":"https:\/\/camping-les-embruns-oleron.com\/#\/schema\/logo\/image\/"},"sameAs":["https:\/\/www.facebook.com\/campinglesembrunsdoleron","https:\/\/www.instagram.com\/lesembrunsdoleron"]}]}},"_links":{"self":[{"href":"https:\/\/camping-les-embruns-oleron.com\/es\/wp-json\/wp\/v2\/product\/3858","targetHints":{"allow":["GET"]}}],"collection":[{"href":"https:\/\/camping-les-embruns-oleron.com\/es\/wp-json\/wp\/v2\/product"}],"about":[{"href":"https:\/\/camping-les-embruns-oleron.com\/es\/wp-json\/wp\/v2\/types\/product"}],"wp:featuredmedia":[{"embeddable":true,"href":"https:\/\/camping-les-embruns-oleron.com\/es\/wp-json\/wp\/v2\/media\/7019"}],"wp:attachment":[{"href":"https:\/\/camping-les-embruns-oleron.com\/es\/wp-json\/wp\/v2\/media?parent=3858"}],"wp:term":[{"taxonomy":"product_brand","embeddable":true,"href":"https:\/\/camping-les-embruns-oleron.com\/es\/wp-json\/wp\/v2\/product_brand?post=3858"},{"taxonomy":"product_cat","embeddable":true,"href":"https:\/\/camping-les-embruns-oleron.com\/es\/wp-json\/wp\/v2\/product_cat?post=3858"},{"taxonomy":"product_tag","embeddable":true,"href":"https:\/\/camping-les-embruns-oleron.com\/es\/wp-json\/wp\/v2\/product_tag?post=3858"}],"curies":[{"name":"wp","href":"https:\/\/api.w.org\/{rel}","templated":true}]}}