{"id":6587,"date":"2025-10-14T10:59:43","date_gmt":"2025-10-14T08:59:43","guid":{"rendered":"https:\/\/camping-les-embruns-oleron.com\/?post_type=product&#038;p=6587"},"modified":"2026-03-10T14:10:41","modified_gmt":"2026-03-10T13:10:41","slug":"casa-movil-garceta-en-oleron","status":"publish","type":"product","link":"https:\/\/camping-les-embruns-oleron.com\/es\/alojamiento\/casas-moviles\/casa-movil-garceta-en-oleron\/","title":{"rendered":"Garceta"},"content":{"rendered":"<p class=\"lead shortcode-error\">Abre esto en UX Builder para agregar y editar contenido.<\/p>\n<p data-start=\"459\" data-end=\"821\"><strong><span style=\"font-size: 120%;\">Descripci\u00f3n completa del alojamiento<\/span><\/strong><\/p>\n<p data-start=\"164\" data-end=\"465\">Espaciosa y funcional, la casa m\u00f3vil Aigrette le encantar\u00e1 con sus aproximadamente 27 m\u00b2 de espacio habitable y su comodidad en cualquier \u00e9poca del a\u00f1o. Dise\u00f1ada para alojar hasta 4 personas, cuenta con dos dormitorios: uno con cama doble (140 x 190 cm) y el otro con una cama individual (80 x 190 cm) y una cama nido.<\/p>\n<p data-start=\"467\" data-end=\"702\">Su zona de comedor se abre a una cocina equipada con vajilla y cuberter\u00eda, frigor\u00edfico-congelador, placa de 4 fuegos, microondas, cafetera de filtro, televisi\u00f3n y aire acondicionado para una estancia agradable y sencilla.<\/p>\n<p data-start=\"704\" data-end=\"907\">El ba\u00f1o incluye ducha y aseo independiente. En el exterior, podr\u00e1 disfrutar de una terraza cubierta amueblada con mesa, sillas de jard\u00edn y tumbonas para relajarse al aire libre.<\/p>\n<p data-start=\"909\" data-end=\"1030\">Una casa m\u00f3vil pr\u00e1ctica y acogedora, ideal para pasar unas vacaciones c\u00f3modas en familia o con amigos en la isla de Ol\u00e9ron.<\/p>\n<p data-start=\"1032\" data-end=\"1099\"><em data-start=\"1032\" data-end=\"1097\">Fotograf\u00edas y planos no contractuales.\u00a0<\/em><\/p>","protected":false},"excerpt":{"rendered":"<p>Mobil-home Aigrette, con sus dos habitaciones que pueden acoger hasta 4 personas, su cocina equipada, su TV, su aire acondicionado y su terraza cubierta, este mobil-home combina espacio y comodidad para unas vacaciones exitosas en la isla de Ol\u00e9ron.<\/p>\n<p>&nbsp;<\/p>","protected":false},"featured_media":6601,"template":"","meta":{"_acf_changed":false,"inline_featured_image":false,"_glsr_average":0,"_glsr_ranking":0,"_glsr_reviews":0},"product_brand":[],"product_cat":[392,55],"product_tag":[],"class_list":{"0":"post-6587","1":"product","2":"type-product","3":"status-publish","4":"has-post-thumbnail","6":"product_cat-location-4-personnes","7":"product_cat-mobil-homes","9":"first","10":"instock","11":"shipping-taxable","12":"product-type-simple"},"acf":[],"yoast_head":"<!-- This site is optimized with the Yoast SEO plugin v27.5 - https:\/\/yoast.com\/product\/yoast-seo-wordpress\/ -->\n<title>Mobil home 4 personnes en location \u00e0 Ol\u00e9ron<\/title>\n<meta name=\"description\" content=\"Mobil home 4 personnes en location \u00e0 Ol\u00e9ron. D\u00e9couvrez toutes les locations de notre camping pour vos vacances sur l&#039;\u00eele d&#039;Ol\u00e9ron\" \/>\n<meta name=\"robots\" content=\"index, follow, max-snippet:-1, max-image-preview:large, max-video-preview:-1\" \/>\n<link rel=\"canonical\" href=\"https:\/\/camping-les-embruns-oleron.com\/es\/alojamiento\/casas-moviles\/casa-movil-garceta-en-oleron\/\" \/>\n<meta property=\"og:locale\" content=\"es_ES\" \/>\n<meta property=\"og:type\" content=\"article\" \/>\n<meta property=\"og:title\" content=\"Mobil home 4 personnes en location \u00e0 Ol\u00e9ron\" \/>\n<meta property=\"og:description\" content=\"Mobil home 4 personnes en location \u00e0 Ol\u00e9ron. D\u00e9couvrez toutes les locations de notre camping pour vos vacances sur l&#039;\u00eele d&#039;Ol\u00e9ron\" \/>\n<meta property=\"og:url\" content=\"https:\/\/camping-les-embruns-oleron.com\/es\/alojamiento\/casas-moviles\/casa-movil-garceta-en-oleron\/\" \/>\n<meta property=\"og:site_name\" content=\"Camping ile d&#039;Ol\u00e9ron 4 \u00e9toiles\" \/>\n<meta property=\"article:publisher\" content=\"https:\/\/www.facebook.com\/campinglesembrunsdoleron\" \/>\n<meta property=\"article:modified_time\" content=\"2026-03-10T13:10:41+00:00\" \/>\n<meta property=\"og:image\" content=\"https:\/\/camping-les-embruns-oleron.com\/wp-content\/uploads\/2025\/10\/mobile-home-aigrette-4-au-camping-embruns.png\" \/>\n\t<meta property=\"og:image:width\" content=\"1200\" \/>\n\t<meta property=\"og:image:height\" content=\"800\" \/>\n\t<meta property=\"og:image:type\" content=\"image\/png\" \/>\n<meta name=\"twitter:card\" content=\"summary_large_image\" \/>\n<meta name=\"twitter:label1\" content=\"Tiempo de lectura\" \/>\n\t<meta name=\"twitter:data1\" content=\"1 minuto\" \/>\n<script type=\"application\/ld+json\" class=\"yoast-schema-graph\">{\"@context\":\"https:\\\/\\\/schema.org\",\"@graph\":[{\"@type\":\"WebPage\",\"@id\":\"https:\\\/\\\/camping-les-embruns-oleron.com\\\/hebergement\\\/mobil-homes\\\/aigrette-mobil-home-a-oleron\\\/\",\"url\":\"https:\\\/\\\/camping-les-embruns-oleron.com\\\/hebergement\\\/mobil-homes\\\/aigrette-mobil-home-a-oleron\\\/\",\"name\":\"Mobil home 4 personnes en location \u00e0 Ol\u00e9ron\",\"isPartOf\":{\"@id\":\"https:\\\/\\\/camping-les-embruns-oleron.com\\\/#website\"},\"primaryImageOfPage\":{\"@id\":\"https:\\\/\\\/camping-les-embruns-oleron.com\\\/hebergement\\\/mobil-homes\\\/aigrette-mobil-home-a-oleron\\\/#primaryimage\"},\"image\":{\"@id\":\"https:\\\/\\\/camping-les-embruns-oleron.com\\\/hebergement\\\/mobil-homes\\\/aigrette-mobil-home-a-oleron\\\/#primaryimage\"},\"thumbnailUrl\":\"https:\\\/\\\/camping-les-embruns-oleron.com\\\/wp-content\\\/uploads\\\/2025\\\/10\\\/mobile-home-aigrette-4-au-camping-embruns.png\",\"datePublished\":\"2025-10-14T08:59:43+00:00\",\"dateModified\":\"2026-03-10T13:10:41+00:00\",\"description\":\"Mobil home 4 personnes en location \u00e0 Ol\u00e9ron. D\u00e9couvrez toutes les locations de notre camping pour vos vacances sur l'\u00eele d'Ol\u00e9ron\",\"breadcrumb\":{\"@id\":\"https:\\\/\\\/camping-les-embruns-oleron.com\\\/hebergement\\\/mobil-homes\\\/aigrette-mobil-home-a-oleron\\\/#breadcrumb\"},\"inLanguage\":\"es\",\"potentialAction\":[{\"@type\":\"ReadAction\",\"target\":[\"https:\\\/\\\/camping-les-embruns-oleron.com\\\/hebergement\\\/mobil-homes\\\/aigrette-mobil-home-a-oleron\\\/\"]}]},{\"@type\":\"ImageObject\",\"inLanguage\":\"es\",\"@id\":\"https:\\\/\\\/camping-les-embruns-oleron.com\\\/hebergement\\\/mobil-homes\\\/aigrette-mobil-home-a-oleron\\\/#primaryimage\",\"url\":\"https:\\\/\\\/camping-les-embruns-oleron.com\\\/wp-content\\\/uploads\\\/2025\\\/10\\\/mobile-home-aigrette-4-au-camping-embruns.png\",\"contentUrl\":\"https:\\\/\\\/camping-les-embruns-oleron.com\\\/wp-content\\\/uploads\\\/2025\\\/10\\\/mobile-home-aigrette-4-au-camping-embruns.png\",\"width\":1200,\"height\":800,\"caption\":\"Mobile Home Aigrette 4 Au Camping Embruns\"},{\"@type\":\"BreadcrumbList\",\"@id\":\"https:\\\/\\\/camping-les-embruns-oleron.com\\\/hebergement\\\/mobil-homes\\\/aigrette-mobil-home-a-oleron\\\/#breadcrumb\",\"itemListElement\":[{\"@type\":\"ListItem\",\"position\":1,\"name\":\"Home\",\"item\":\"https:\\\/\\\/camping-les-embruns-oleron.com\\\/\"},{\"@type\":\"ListItem\",\"position\":2,\"name\":\"H\u00e9bergements\",\"item\":\"https:\\\/\\\/camping-les-embruns-oleron.com\\\/hebergements-ile-d-oleron\\\/\"},{\"@type\":\"ListItem\",\"position\":3,\"name\":\"Aigrette\"}]},{\"@type\":\"WebSite\",\"@id\":\"https:\\\/\\\/camping-les-embruns-oleron.com\\\/#website\",\"url\":\"https:\\\/\\\/camping-les-embruns-oleron.com\\\/\",\"name\":\"Camping Airotel les Embruns d\u2019Ol\u00e9ron\",\"description\":\"Camping Ch\u00e2teau d&#039;Ol\u00e9ron - Centre \u00e9questre\",\"publisher\":{\"@id\":\"https:\\\/\\\/camping-les-embruns-oleron.com\\\/#organization\"},\"alternateName\":\"Camping les Embruns d'Ol\u00e9ron\",\"potentialAction\":[{\"@type\":\"SearchAction\",\"target\":{\"@type\":\"EntryPoint\",\"urlTemplate\":\"https:\\\/\\\/camping-les-embruns-oleron.com\\\/?s={search_term_string}\"},\"query-input\":{\"@type\":\"PropertyValueSpecification\",\"valueRequired\":true,\"valueName\":\"search_term_string\"}}],\"inLanguage\":\"es\"},{\"@type\":\"Organization\",\"@id\":\"https:\\\/\\\/camping-les-embruns-oleron.com\\\/#organization\",\"name\":\"Camping Airotel les Embruns d\u2019Ol\u00e9ron\",\"url\":\"https:\\\/\\\/camping-les-embruns-oleron.com\\\/\",\"logo\":{\"@type\":\"ImageObject\",\"inLanguage\":\"es\",\"@id\":\"https:\\\/\\\/camping-les-embruns-oleron.com\\\/#\\\/schema\\\/logo\\\/image\\\/\",\"url\":\"https:\\\/\\\/camping-les-embruns-oleron.com\\\/wp-content\\\/uploads\\\/2022\\\/11\\\/logo-camping-embruns-oleron-couleur.svg\",\"contentUrl\":\"https:\\\/\\\/camping-les-embruns-oleron.com\\\/wp-content\\\/uploads\\\/2022\\\/11\\\/logo-camping-embruns-oleron-couleur.svg\",\"width\":\"1020\",\"height\":\"1020\",\"caption\":\"Camping Airotel les Embruns d\u2019Ol\u00e9ron\"},\"image\":{\"@id\":\"https:\\\/\\\/camping-les-embruns-oleron.com\\\/#\\\/schema\\\/logo\\\/image\\\/\"},\"sameAs\":[\"https:\\\/\\\/www.facebook.com\\\/campinglesembrunsdoleron\",\"https:\\\/\\\/www.instagram.com\\\/lesembrunsdoleron\"]}]}<\/script>\n<!-- \/ Yoast SEO plugin. -->","yoast_head_json":{"title":"Mobil-home para 4 personas en alquiler en Ol\u00e9ron","description":"Se alquila casa m\u00f3vil para 4 personas en Ol\u00e9ron. Descubra todos los alquileres de nuestro camping para sus vacaciones en la isla de Ol\u00e9ron","robots":{"index":"index","follow":"follow","max-snippet":"max-snippet:-1","max-image-preview":"max-image-preview:large","max-video-preview":"max-video-preview:-1"},"canonical":"https:\/\/camping-les-embruns-oleron.com\/es\/alojamiento\/casas-moviles\/casa-movil-garceta-en-oleron\/","og_locale":"es_ES","og_type":"article","og_title":"Mobil home 4 personnes en location \u00e0 Ol\u00e9ron","og_description":"Mobil home 4 personnes en location \u00e0 Ol\u00e9ron. D\u00e9couvrez toutes les locations de notre camping pour vos vacances sur l'\u00eele d'Ol\u00e9ron","og_url":"https:\/\/camping-les-embruns-oleron.com\/es\/alojamiento\/casas-moviles\/casa-movil-garceta-en-oleron\/","og_site_name":"Camping ile d&#039;Ol\u00e9ron 4 \u00e9toiles","article_publisher":"https:\/\/www.facebook.com\/campinglesembrunsdoleron","article_modified_time":"2026-03-10T13:10:41+00:00","og_image":[{"width":1200,"height":800,"url":"https:\/\/camping-les-embruns-oleron.com\/wp-content\/uploads\/2025\/10\/mobile-home-aigrette-4-au-camping-embruns.png","type":"image\/png"}],"twitter_card":"summary_large_image","twitter_misc":{"Tiempo de lectura":"1 minuto"},"schema":{"@context":"https:\/\/schema.org","@graph":[{"@type":"WebPage","@id":"https:\/\/camping-les-embruns-oleron.com\/hebergement\/mobil-homes\/aigrette-mobil-home-a-oleron\/","url":"https:\/\/camping-les-embruns-oleron.com\/hebergement\/mobil-homes\/aigrette-mobil-home-a-oleron\/","name":"Mobil-home para 4 personas en alquiler en Ol\u00e9ron","isPartOf":{"@id":"https:\/\/camping-les-embruns-oleron.com\/#website"},"primaryImageOfPage":{"@id":"https:\/\/camping-les-embruns-oleron.com\/hebergement\/mobil-homes\/aigrette-mobil-home-a-oleron\/#primaryimage"},"image":{"@id":"https:\/\/camping-les-embruns-oleron.com\/hebergement\/mobil-homes\/aigrette-mobil-home-a-oleron\/#primaryimage"},"thumbnailUrl":"https:\/\/camping-les-embruns-oleron.com\/wp-content\/uploads\/2025\/10\/mobile-home-aigrette-4-au-camping-embruns.png","datePublished":"2025-10-14T08:59:43+00:00","dateModified":"2026-03-10T13:10:41+00:00","description":"Se alquila casa m\u00f3vil para 4 personas en Ol\u00e9ron. Descubra todos los alquileres de nuestro camping para sus vacaciones en la isla de Ol\u00e9ron","breadcrumb":{"@id":"https:\/\/camping-les-embruns-oleron.com\/hebergement\/mobil-homes\/aigrette-mobil-home-a-oleron\/#breadcrumb"},"inLanguage":"es","potentialAction":[{"@type":"ReadAction","target":["https:\/\/camping-les-embruns-oleron.com\/hebergement\/mobil-homes\/aigrette-mobil-home-a-oleron\/"]}]},{"@type":"ImageObject","inLanguage":"es","@id":"https:\/\/camping-les-embruns-oleron.com\/hebergement\/mobil-homes\/aigrette-mobil-home-a-oleron\/#primaryimage","url":"https:\/\/camping-les-embruns-oleron.com\/wp-content\/uploads\/2025\/10\/mobile-home-aigrette-4-au-camping-embruns.png","contentUrl":"https:\/\/camping-les-embruns-oleron.com\/wp-content\/uploads\/2025\/10\/mobile-home-aigrette-4-au-camping-embruns.png","width":1200,"height":800,"caption":"Mobile Home Aigrette 4 Au Camping Embruns"},{"@type":"BreadcrumbList","@id":"https:\/\/camping-les-embruns-oleron.com\/hebergement\/mobil-homes\/aigrette-mobil-home-a-oleron\/#breadcrumb","itemListElement":[{"@type":"ListItem","position":1,"name":"Home","item":"https:\/\/camping-les-embruns-oleron.com\/"},{"@type":"ListItem","position":2,"name":"H\u00e9bergements","item":"https:\/\/camping-les-embruns-oleron.com\/hebergements-ile-d-oleron\/"},{"@type":"ListItem","position":3,"name":"Aigrette"}]},{"@type":"WebSite","@id":"https:\/\/camping-les-embruns-oleron.com\/#website","url":"https:\/\/camping-les-embruns-oleron.com\/","name":"Camping Airotel les Embruns d&#039;Ol\u00e9ron","description":"Camping Ch\u00e2teau d&#039;Ol\u00e9ron - Centro ecuestre","publisher":{"@id":"https:\/\/camping-les-embruns-oleron.com\/#organization"},"alternateName":"Camping les Embruns d'Ol\u00e9ron","potentialAction":[{"@type":"SearchAction","target":{"@type":"EntryPoint","urlTemplate":"https:\/\/camping-les-embruns-oleron.com\/?s={search_term_string}"},"query-input":{"@type":"PropertyValueSpecification","valueRequired":true,"valueName":"search_term_string"}}],"inLanguage":"es"},{"@type":"Organization","@id":"https:\/\/camping-les-embruns-oleron.com\/#organization","name":"Camping Airotel les Embruns d&#039;Ol\u00e9ron","url":"https:\/\/camping-les-embruns-oleron.com\/","logo":{"@type":"ImageObject","inLanguage":"es","@id":"https:\/\/camping-les-embruns-oleron.com\/#\/schema\/logo\/image\/","url":"https:\/\/camping-les-embruns-oleron.com\/wp-content\/uploads\/2022\/11\/logo-camping-embruns-oleron-couleur.svg","contentUrl":"https:\/\/camping-les-embruns-oleron.com\/wp-content\/uploads\/2022\/11\/logo-camping-embruns-oleron-couleur.svg","width":"1020","height":"1020","caption":"Camping Airotel les Embruns d\u2019Ol\u00e9ron"},"image":{"@id":"https:\/\/camping-les-embruns-oleron.com\/#\/schema\/logo\/image\/"},"sameAs":["https:\/\/www.facebook.com\/campinglesembrunsdoleron","https:\/\/www.instagram.com\/lesembrunsdoleron"]}]}},"_links":{"self":[{"href":"https:\/\/camping-les-embruns-oleron.com\/es\/wp-json\/wp\/v2\/product\/6587","targetHints":{"allow":["GET"]}}],"collection":[{"href":"https:\/\/camping-les-embruns-oleron.com\/es\/wp-json\/wp\/v2\/product"}],"about":[{"href":"https:\/\/camping-les-embruns-oleron.com\/es\/wp-json\/wp\/v2\/types\/product"}],"wp:featuredmedia":[{"embeddable":true,"href":"https:\/\/camping-les-embruns-oleron.com\/es\/wp-json\/wp\/v2\/media\/6601"}],"wp:attachment":[{"href":"https:\/\/camping-les-embruns-oleron.com\/es\/wp-json\/wp\/v2\/media?parent=6587"}],"wp:term":[{"taxonomy":"product_brand","embeddable":true,"href":"https:\/\/camping-les-embruns-oleron.com\/es\/wp-json\/wp\/v2\/product_brand?post=6587"},{"taxonomy":"product_cat","embeddable":true,"href":"https:\/\/camping-les-embruns-oleron.com\/es\/wp-json\/wp\/v2\/product_cat?post=6587"},{"taxonomy":"product_tag","embeddable":true,"href":"https:\/\/camping-les-embruns-oleron.com\/es\/wp-json\/wp\/v2\/product_tag?post=6587"}],"curies":[{"name":"wp","href":"https:\/\/api.w.org\/{rel}","templated":true}]}}